

{"id":7719,"date":"2021-07-16T07:13:23","date_gmt":"2021-07-16T06:13:23","guid":{"rendered":"https:\/\/collivaibo.it\/kontakt\/"},"modified":"2023-12-01T14:14:47","modified_gmt":"2023-12-01T13:14:47","slug":"kontakt","status":"publish","type":"page","link":"https:\/\/collivaibo.it\/de\/kontakt\/","title":{"rendered":"Kontakt"},"content":{"rendered":"\t\t<div data-elementor-type=\"wp-page\" data-elementor-id=\"7719\" class=\"elementor elementor-7719 elementor-4638\">\n\t\t\t\t\t\t\t\t\t<div class=\"elementor-section elementor-top-section elementor-element elementor-element-95807cd elementor-section-stretched elementor-section-boxed elementor-section-height-default elementor-section-height-default\" data-id=\"95807cd\" data-element_type=\"section\" data-settings=\"{&quot;stretch_section&quot;:&quot;section-stretched&quot;}\">\n\t\t\t\t\t\t<div class=\"elementor-container elementor-column-gap-no\">\n\t\t\t\t\t<div class=\"elementor-column elementor-col-100 elementor-top-column elementor-element elementor-element-e56d191\" data-id=\"e56d191\" data-element_type=\"column\">\n\t\t\t<div class=\"elementor-widget-wrap elementor-element-populated\">\n\t\t\t\t\t\t\t\t<div class=\"elementor-element elementor-element-6d6b13a elementor-widget elementor-widget-google_maps\" data-id=\"6d6b13a\" data-element_type=\"widget\" data-widget_type=\"google_maps.default\">\n\t\t\t\t<div class=\"elementor-widget-container\">\n\t\t\t<style>\/*! elementor - v3.14.0 - 26-06-2023 *\/\n.elementor-widget-google_maps .elementor-widget-container{overflow:hidden}.elementor-widget-google_maps .elementor-custom-embed{line-height:0}.elementor-widget-google_maps iframe{height:300px}<\/style>\t\t<div class=\"elementor-custom-embed\">\n\t\t\t<iframe loading=\"lazy\"\n\t\t\t\t\tsrc=\"https:\/\/maps.google.com\/maps?q=Loc.%20Vaib%C3%B2%202%2C%2025010%20Pozzolengo%20BS&#038;t=m&#038;z=12&#038;output=embed&#038;iwloc=near\"\n\t\t\t\t\ttitle=\"Loc. Vaib\u00f2 2, 25010 Pozzolengo BS\"\n\t\t\t\t\taria-label=\"Loc. Vaib\u00f2 2, 25010 Pozzolengo BS\"\n\t\t\t><\/iframe>\n\t\t<\/div>\n\t\t\t\t<\/div>\n\t\t\t\t<\/div>\n\t\t\t\t\t<\/div>\n\t\t<\/div>\n\t\t\t\t\t\t\t<\/div>\n\t\t<\/div>\n\t\t\t\t<div class=\"elementor-section elementor-top-section elementor-element elementor-element-adde057 elementor-section-stretched elementor-section-boxed elementor-section-height-default elementor-section-height-default\" data-id=\"adde057\" data-element_type=\"section\" data-settings=\"{&quot;stretch_section&quot;:&quot;section-stretched&quot;,&quot;background_background&quot;:&quot;classic&quot;}\">\n\t\t\t\t\t\t<div class=\"elementor-container elementor-column-gap-no\">\n\t\t\t\t\t<div class=\"elementor-column elementor-col-100 elementor-top-column elementor-element elementor-element-ea6699f\" data-id=\"ea6699f\" data-element_type=\"column\" data-settings=\"{&quot;background_background&quot;:&quot;classic&quot;}\">\n\t\t\t<div class=\"elementor-widget-wrap elementor-element-populated\">\n\t\t\t\t\t\t\t\t<div class=\"elementor-element elementor-element-8f369d9 elementor-widget elementor-widget-text-editor\" data-id=\"8f369d9\" data-element_type=\"widget\" data-widget_type=\"text-editor.default\">\n\t\t\t\t<div class=\"elementor-widget-container\">\n\t\t\t<style>\/*! elementor - v3.14.0 - 26-06-2023 *\/\n.elementor-widget-text-editor.elementor-drop-cap-view-stacked .elementor-drop-cap{background-color:#69727d;color:#fff}.elementor-widget-text-editor.elementor-drop-cap-view-framed .elementor-drop-cap{color:#69727d;border:3px solid;background-color:transparent}.elementor-widget-text-editor:not(.elementor-drop-cap-view-default) .elementor-drop-cap{margin-top:8px}.elementor-widget-text-editor:not(.elementor-drop-cap-view-default) .elementor-drop-cap-letter{width:1em;height:1em}.elementor-widget-text-editor .elementor-drop-cap{float:left;text-align:center;line-height:1;font-size:50px}.elementor-widget-text-editor .elementor-drop-cap-letter{display:inline-block}<\/style>\t\t\t\t<p>H\u00fcgel gehen bo<\/p>\n\t\t\t\t\t\t<\/div>\n\t\t\t\t<\/div>\n\t\t\t\t<div class=\"elementor-element elementor-element-11ab5ce elementor-widget elementor-widget-heading\" data-id=\"11ab5ce\" data-element_type=\"widget\" data-widget_type=\"heading.default\">\n\t\t\t\t<div class=\"elementor-widget-container\">\n\t\t\t<style>\/*! elementor - v3.14.0 - 26-06-2023 *\/\n.elementor-heading-title{padding:0;margin:0;line-height:1}.elementor-widget-heading .elementor-heading-title[class*=elementor-size-]>a{color:inherit;font-size:inherit;line-height:inherit}.elementor-widget-heading .elementor-heading-title.elementor-size-small{font-size:15px}.elementor-widget-heading .elementor-heading-title.elementor-size-medium{font-size:19px}.elementor-widget-heading .elementor-heading-title.elementor-size-large{font-size:29px}.elementor-widget-heading .elementor-heading-title.elementor-size-xl{font-size:39px}.elementor-widget-heading .elementor-heading-title.elementor-size-xxl{font-size:59px}<\/style><h2 class=\"elementor-heading-title elementor-size-default\">Schreiben Sie uns jetzt<\/h2>\t\t<\/div>\n\t\t\t\t<\/div>\n\t\t\t\t<div class=\"elementor-element elementor-element-7ea621c elementor-widget elementor-widget-image\" data-id=\"7ea621c\" data-element_type=\"widget\" data-widget_type=\"image.default\">\n\t\t\t\t<div class=\"elementor-widget-container\">\n\t\t\t<style>\/*! elementor - v3.14.0 - 26-06-2023 *\/\n.elementor-widget-image{text-align:center}.elementor-widget-image a{display:inline-block}.elementor-widget-image a img[src$=\".svg\"]{width:48px}.elementor-widget-image img{vertical-align:middle;display:inline-block}<\/style>\t\t\t\t\t\t\t\t\t\t\t\t<img loading=\"lazy\" decoding=\"async\" width=\"70\" height=\"4\" src=\"https:\/\/collivaibo.it\/wp-content\/uploads\/2021\/07\/vector.png\" class=\"attachment-full size-full wp-image-7909\" alt=\"\" srcset=\"https:\/\/collivaibo.it\/wp-content\/uploads\/2021\/07\/vector.png 70w, https:\/\/collivaibo.it\/wp-content\/uploads\/2021\/07\/vector-50x4.png 50w\" sizes=\"auto, (max-width: 70px) 100vw, 70px\" \/>\t\t\t\t\t\t\t\t\t\t\t\t\t\t\t<\/div>\n\t\t\t\t<\/div>\n\t\t\t\t<div class=\"elementor-element elementor-element-35fd958 elementor-align-center elementor-icon-list--layout-traditional elementor-list-item-link-full_width elementor-widget elementor-widget-icon-list\" data-id=\"35fd958\" data-element_type=\"widget\" data-widget_type=\"icon-list.default\">\n\t\t\t\t<div class=\"elementor-widget-container\">\n\t\t\t<link rel=\"stylesheet\" href=\"https:\/\/collivaibo.it\/wp-content\/plugins\/elementor\/assets\/css\/widget-icon-list.min.css\">\t\t<ul class=\"elementor-icon-list-items\">\n\t\t\t\t\t\t\t<li class=\"elementor-icon-list-item\">\n\t\t\t\t\t\t\t\t\t\t\t<a href=\"#\">\n\n\t\t\t\t\t\t\t\t\t\t\t\t<span class=\"elementor-icon-list-icon\">\n\t\t\t\t\t\t\t<i aria-hidden=\"true\" class=\"bodoni-icon- bodoni-icon-map-marker-alt\"><\/i>\t\t\t\t\t\t<\/span>\n\t\t\t\t\t\t\t\t\t\t<span class=\"elementor-icon-list-text\">Standort. Vaib\u00f2 2, 25010 Pozzolengo BS<\/span>\n\t\t\t\t\t\t\t\t\t\t\t<\/a>\n\t\t\t\t\t\t\t\t\t<\/li>\n\t\t\t\t\t\t\t\t<li class=\"elementor-icon-list-item\">\n\t\t\t\t\t\t\t\t\t\t\t<a href=\"tel:030918393\">\n\n\t\t\t\t\t\t\t\t\t\t\t\t<span class=\"elementor-icon-list-icon\">\n\t\t\t\t\t\t\t<i aria-hidden=\"true\" class=\"bodoni-icon- bodoni-icon-phone\"><\/i>\t\t\t\t\t\t<\/span>\n\t\t\t\t\t\t\t\t\t\t<span class=\"elementor-icon-list-text\">030 918393<\/span>\n\t\t\t\t\t\t\t\t\t\t\t<\/a>\n\t\t\t\t\t\t\t\t\t<\/li>\n\t\t\t\t\t\t\t\t<li class=\"elementor-icon-list-item\">\n\t\t\t\t\t\t\t\t\t\t\t<a href=\"\">\n\n\t\t\t\t\t\t\t\t\t\t\t\t<span class=\"elementor-icon-list-icon\">\n\t\t\t\t\t\t\t<i aria-hidden=\"true\" class=\"bodoni-icon- bodoni-icon-envelope\"><\/i>\t\t\t\t\t\t<\/span>\n\t\t\t\t\t\t\t\t\t\t<span class=\"elementor-icon-list-text\"><span style=\"color:var( --e-global-color-primary )\">info@collivaibo.it<\/span><\/span>\n\t\t\t\t\t\t\t\t\t\t\t<\/a>\n\t\t\t\t\t\t\t\t\t<\/li>\n\t\t\t\t\t\t<\/ul>\n\t\t\t\t<\/div>\n\t\t\t\t<\/div>\n\t\t\t\t<div class=\"elementor-element elementor-element-47f6eff elementor-widget__width-initial elementor-widget elementor-widget-bodoni-contactform\" data-id=\"47f6eff\" data-element_type=\"widget\" data-widget_type=\"bodoni-contactform.default\">\n\t\t\t\t<div class=\"elementor-widget-container\">\n\t\t\t\n<div class=\"wpcf7 no-js\" id=\"wpcf7-f7891-o1\" lang=\"de-DE\" dir=\"ltr\" data-wpcf7-id=\"7891\">\n<div class=\"screen-reader-response\"><p role=\"status\" aria-live=\"polite\" aria-atomic=\"true\"><\/p> <ul><\/ul><\/div>\n<form action=\"\/de\/wp-json\/wp\/v2\/pages\/7719#wpcf7-f7891-o1\" method=\"post\" class=\"wpcf7-form init\" aria-label=\"Kontaktformular\" novalidate=\"novalidate\" data-status=\"init\">\n<fieldset class=\"hidden-fields-container\"><input type=\"hidden\" name=\"_wpcf7\" value=\"7891\" \/><input type=\"hidden\" name=\"_wpcf7_version\" value=\"6.1.5\" \/><input type=\"hidden\" name=\"_wpcf7_locale\" value=\"de_DE\" \/><input type=\"hidden\" name=\"_wpcf7_unit_tag\" value=\"wpcf7-f7891-o1\" \/><input type=\"hidden\" name=\"_wpcf7_container_post\" value=\"0\" \/><input type=\"hidden\" name=\"_wpcf7_posted_data_hash\" value=\"\" \/>\n<\/fieldset>\n<div class=\"row-inline row\">\n\t<div>\n\t\t<p><span class=\"wpcf7-form-control-wrap\" data-name=\"your-name\"><input size=\"40\" maxlength=\"400\" class=\"wpcf7-form-control wpcf7-text wpcf7-validates-as-required\" aria-required=\"true\" aria-invalid=\"false\" placeholder=\"Name*\" value=\"\" type=\"text\" name=\"your-name\" \/><\/span>\n\t\t<\/p>\n\t<\/div>\n\t<div>\n\t\t<p><span class=\"wpcf7-form-control-wrap\" data-name=\"cognome\"><input size=\"40\" maxlength=\"400\" class=\"wpcf7-form-control wpcf7-text wpcf7-validates-as-required\" aria-required=\"true\" aria-invalid=\"false\" placeholder=\"Nachname*\" value=\"\" type=\"text\" name=\"cognome\" \/><\/span>\n\t\t<\/p>\n\t<\/div>\n\t<div>\n\t\t<p><span class=\"wpcf7-form-control-wrap\" data-name=\"your-email\"><input size=\"40\" maxlength=\"400\" class=\"wpcf7-form-control wpcf7-email wpcf7-validates-as-required wpcf7-text wpcf7-validates-as-email\" aria-required=\"true\" aria-invalid=\"false\" placeholder=\"E-Mail*\" value=\"\" type=\"email\" name=\"your-email\" \/><\/span>\n\t\t<\/p>\n\t<\/div>\n\t<div>\n\t\t<p><span class=\"wpcf7-form-control-wrap\" data-name=\"telefono\"><input size=\"40\" maxlength=\"400\" class=\"wpcf7-form-control wpcf7-tel wpcf7-text wpcf7-validates-as-tel\" aria-invalid=\"false\" placeholder=\"Telefon\" value=\"\" type=\"tel\" name=\"telefono\" \/><\/span>\n\t\t<\/p>\n\t<\/div>\n<\/div>\n<div>\n\t<p><span class=\"wpcf7-form-control-wrap\" data-name=\"textarea\"><textarea cols=\"40\" rows=\"4\" maxlength=\"2000\" class=\"wpcf7-form-control wpcf7-textarea\" aria-invalid=\"false\" placeholder=\"Nachricht\" name=\"textarea\"><\/textarea><\/span>\n\t<\/p>\n<\/div>\n<p><span class=\"wpcf7-form-control-wrap\" data-name=\"privacy\"><span class=\"wpcf7-form-control wpcf7-acceptance\"><span class=\"wpcf7-list-item\"><label><input type=\"checkbox\" name=\"privacy\" value=\"1\" aria-invalid=\"false\" \/><span class=\"wpcf7-list-item-label\">Ich best\u00e4tige, dass ich <a href=\"https:\/\/www.collivaibo.it\/privacy-policy\/\">die Datenschutzerkl\u00e4rung<\/a> gelesen habe, dass ich ihre Bedingungen akzeptiere und dass ich die Verarbeitung meiner pers\u00f6nlichen Daten gem\u00e4\u00df dem Gesetz 196\/03 genehmige, um meine Anfrage zu erf\u00fcllen.<\/span><\/label><\/span><\/span><\/span>\n<\/p>\n<div class=\"text-center\">\n\t<p><button class=\"elementor-button\" type=\"submit\" value=\"jetzt buchen\">Nachricht senden<i class=\"bodoni-icon-arrow-small\"><\/i><br \/>\n<\/button>\n\t<\/p>\n<\/div><p style=\"display: none !important;\" class=\"akismet-fields-container\" data-prefix=\"_wpcf7_ak_\"><label>&#916;<textarea name=\"_wpcf7_ak_hp_textarea\" cols=\"45\" rows=\"8\" maxlength=\"100\"><\/textarea><\/label><input type=\"hidden\" id=\"ak_js_1\" name=\"_wpcf7_ak_js\" value=\"80\"\/><script>document.getElementById( \"ak_js_1\" ).setAttribute( \"value\", ( new Date() ).getTime() );<\/script><\/p><input type='hidden' class='wpcf7-pum' value='{\"closepopup\":false,\"closedelay\":0,\"openpopup\":false,\"openpopup_id\":0}' \/><div class=\"wpcf7-response-output\" aria-hidden=\"true\"><\/div>\n<\/form>\n<\/div>\n\t\t<\/div>\n\t\t\t\t<\/div>\n\t\t\t\t\t<\/div>\n\t\t<\/div>\n\t\t\t\t\t\t\t<\/div>\n\t\t<\/div>\n\t\t\t\t\t\t\t<\/div>\n\t\t","protected":false},"excerpt":{"rendered":"<p>H\u00fcgel gehen bo Schreiben Sie uns jetzt Standort. Vaib\u00f2 2, 25010 Pozzolengo BS 030 918393 info@collivaibo.it Confermo di aver letto l&#8217;informativa sulla privacy, di accettarne le condizioni e di autorizzare il trattamento dei dati personali nel rispetto della legge 196\/03 per dare seguito alla mia richiesta. Invia Messaggio &#916;<\/p>\n","protected":false},"author":1,"featured_media":0,"parent":0,"menu_order":0,"comment_status":"closed","ping_status":"closed","template":"elementor_header_footer","meta":{"inline_featured_image":false,"footnotes":""},"class_list":["post-7719","page","type-page","status-publish","hentry"],"yoast_head":"<!-- This site is optimized with the Yoast SEO plugin v27.1.1 - https:\/\/yoast.com\/product\/yoast-seo-wordpress\/ -->\n<title>Kontakt - Colli Vai Bo<\/title>\n<meta name=\"robots\" content=\"index, follow, max-snippet:-1, max-image-preview:large, max-video-preview:-1\" \/>\n<link rel=\"canonical\" href=\"https:\/\/collivaibo.it\/de\/?page_id=7719\" \/>\n<meta property=\"og:locale\" content=\"de_DE\" \/>\n<meta property=\"og:type\" content=\"article\" \/>\n<meta property=\"og:title\" content=\"Kontakt - Colli Vai Bo\" \/>\n<meta property=\"og:description\" content=\"H\u00fcgel gehen bo Schreiben Sie uns jetzt Standort. Vaib\u00f2 2, 25010 Pozzolengo BS 030 918393 info@collivaibo.it Confermo di aver letto l&#8217;informativa sulla privacy, di accettarne le condizioni e di autorizzare il trattamento dei dati personali nel rispetto della legge 196\/03 per dare seguito alla mia richiesta. Invia Messaggio &#916;\" \/>\n<meta property=\"og:url\" content=\"https:\/\/collivaibo.it\/de\/?page_id=7719\" \/>\n<meta property=\"og:site_name\" content=\"Colli Vai Bo\" \/>\n<meta property=\"article:modified_time\" content=\"2023-12-01T13:14:47+00:00\" \/>\n<meta property=\"og:image\" content=\"https:\/\/collivaibo.it\/wp-content\/uploads\/2021\/07\/vector.png\" \/>\n<meta name=\"twitter:card\" content=\"summary_large_image\" \/>\n<script type=\"application\/ld+json\" class=\"yoast-schema-graph\">{\"@context\":\"https:\/\/schema.org\",\"@graph\":[{\"@type\":\"WebPage\",\"@id\":\"https:\/\/collivaibo.it\/de\/?page_id=7719\",\"url\":\"https:\/\/collivaibo.it\/de\/?page_id=7719\",\"name\":\"Kontakt - Colli Vai Bo\",\"isPartOf\":{\"@id\":\"https:\/\/collivaibo.it\/#website\"},\"primaryImageOfPage\":{\"@id\":\"https:\/\/collivaibo.it\/de\/?page_id=7719#primaryimage\"},\"image\":{\"@id\":\"https:\/\/collivaibo.it\/de\/?page_id=7719#primaryimage\"},\"thumbnailUrl\":\"https:\/\/collivaibo.it\/wp-content\/uploads\/2021\/07\/vector.png\",\"datePublished\":\"2021-07-16T06:13:23+00:00\",\"dateModified\":\"2023-12-01T13:14:47+00:00\",\"breadcrumb\":{\"@id\":\"https:\/\/collivaibo.it\/de\/?page_id=7719#breadcrumb\"},\"inLanguage\":\"de\",\"potentialAction\":[{\"@type\":\"ReadAction\",\"target\":[\"https:\/\/collivaibo.it\/de\/?page_id=7719\"]}]},{\"@type\":\"ImageObject\",\"inLanguage\":\"de\",\"@id\":\"https:\/\/collivaibo.it\/de\/?page_id=7719#primaryimage\",\"url\":\"https:\/\/collivaibo.it\/wp-content\/uploads\/2021\/07\/vector.png\",\"contentUrl\":\"https:\/\/collivaibo.it\/wp-content\/uploads\/2021\/07\/vector.png\"},{\"@type\":\"BreadcrumbList\",\"@id\":\"https:\/\/collivaibo.it\/de\/?page_id=7719#breadcrumb\",\"itemListElement\":[{\"@type\":\"ListItem\",\"position\":1,\"name\":\"Home\",\"item\":\"https:\/\/collivaibo.it\/de\/\"},{\"@type\":\"ListItem\",\"position\":2,\"name\":\"Kontakt\"}]},{\"@type\":\"WebSite\",\"@id\":\"https:\/\/collivaibo.it\/#website\",\"url\":\"https:\/\/collivaibo.it\/\",\"name\":\"Colli Vai Bo\",\"description\":\"\",\"publisher\":{\"@id\":\"https:\/\/collivaibo.it\/#organization\"},\"potentialAction\":[{\"@type\":\"SearchAction\",\"target\":{\"@type\":\"EntryPoint\",\"urlTemplate\":\"https:\/\/collivaibo.it\/?s={search_term_string}\"},\"query-input\":{\"@type\":\"PropertyValueSpecification\",\"valueRequired\":true,\"valueName\":\"search_term_string\"}}],\"inLanguage\":\"de\"},{\"@type\":\"Organization\",\"@id\":\"https:\/\/collivaibo.it\/#organization\",\"name\":\"Colli Vai Bo\",\"url\":\"https:\/\/collivaibo.it\/\",\"logo\":{\"@type\":\"ImageObject\",\"inLanguage\":\"de\",\"@id\":\"https:\/\/collivaibo.it\/#\/schema\/logo\/image\/\",\"url\":\"https:\/\/collivaibo.it\/wp-content\/uploads\/2021\/07\/cropped-Logo-trasparente-1.png\",\"contentUrl\":\"https:\/\/collivaibo.it\/wp-content\/uploads\/2021\/07\/cropped-Logo-trasparente-1.png\",\"width\":775,\"height\":367,\"caption\":\"Colli Vai Bo\"},\"image\":{\"@id\":\"https:\/\/collivaibo.it\/#\/schema\/logo\/image\/\"}}]}<\/script>\n<!-- \/ Yoast SEO plugin. -->","yoast_head_json":{"title":"Kontakt - Colli Vai Bo","robots":{"index":"index","follow":"follow","max-snippet":"max-snippet:-1","max-image-preview":"max-image-preview:large","max-video-preview":"max-video-preview:-1"},"canonical":"https:\/\/collivaibo.it\/de\/?page_id=7719","og_locale":"de_DE","og_type":"article","og_title":"Kontakt - Colli Vai Bo","og_description":"H\u00fcgel gehen bo Schreiben Sie uns jetzt Standort. Vaib\u00f2 2, 25010 Pozzolengo BS 030 918393 info@collivaibo.it Confermo di aver letto l&#8217;informativa sulla privacy, di accettarne le condizioni e di autorizzare il trattamento dei dati personali nel rispetto della legge 196\/03 per dare seguito alla mia richiesta. Invia Messaggio &#916;","og_url":"https:\/\/collivaibo.it\/de\/?page_id=7719","og_site_name":"Colli Vai Bo","article_modified_time":"2023-12-01T13:14:47+00:00","og_image":[{"url":"https:\/\/collivaibo.it\/wp-content\/uploads\/2021\/07\/vector.png","type":"","width":"","height":""}],"twitter_card":"summary_large_image","schema":{"@context":"https:\/\/schema.org","@graph":[{"@type":"WebPage","@id":"https:\/\/collivaibo.it\/de\/?page_id=7719","url":"https:\/\/collivaibo.it\/de\/?page_id=7719","name":"Kontakt - Colli Vai Bo","isPartOf":{"@id":"https:\/\/collivaibo.it\/#website"},"primaryImageOfPage":{"@id":"https:\/\/collivaibo.it\/de\/?page_id=7719#primaryimage"},"image":{"@id":"https:\/\/collivaibo.it\/de\/?page_id=7719#primaryimage"},"thumbnailUrl":"https:\/\/collivaibo.it\/wp-content\/uploads\/2021\/07\/vector.png","datePublished":"2021-07-16T06:13:23+00:00","dateModified":"2023-12-01T13:14:47+00:00","breadcrumb":{"@id":"https:\/\/collivaibo.it\/de\/?page_id=7719#breadcrumb"},"inLanguage":"de","potentialAction":[{"@type":"ReadAction","target":["https:\/\/collivaibo.it\/de\/?page_id=7719"]}]},{"@type":"ImageObject","inLanguage":"de","@id":"https:\/\/collivaibo.it\/de\/?page_id=7719#primaryimage","url":"https:\/\/collivaibo.it\/wp-content\/uploads\/2021\/07\/vector.png","contentUrl":"https:\/\/collivaibo.it\/wp-content\/uploads\/2021\/07\/vector.png"},{"@type":"BreadcrumbList","@id":"https:\/\/collivaibo.it\/de\/?page_id=7719#breadcrumb","itemListElement":[{"@type":"ListItem","position":1,"name":"Home","item":"https:\/\/collivaibo.it\/de\/"},{"@type":"ListItem","position":2,"name":"Kontakt"}]},{"@type":"WebSite","@id":"https:\/\/collivaibo.it\/#website","url":"https:\/\/collivaibo.it\/","name":"Colli Vai Bo","description":"","publisher":{"@id":"https:\/\/collivaibo.it\/#organization"},"potentialAction":[{"@type":"SearchAction","target":{"@type":"EntryPoint","urlTemplate":"https:\/\/collivaibo.it\/?s={search_term_string}"},"query-input":{"@type":"PropertyValueSpecification","valueRequired":true,"valueName":"search_term_string"}}],"inLanguage":"de"},{"@type":"Organization","@id":"https:\/\/collivaibo.it\/#organization","name":"Colli Vai Bo","url":"https:\/\/collivaibo.it\/","logo":{"@type":"ImageObject","inLanguage":"de","@id":"https:\/\/collivaibo.it\/#\/schema\/logo\/image\/","url":"https:\/\/collivaibo.it\/wp-content\/uploads\/2021\/07\/cropped-Logo-trasparente-1.png","contentUrl":"https:\/\/collivaibo.it\/wp-content\/uploads\/2021\/07\/cropped-Logo-trasparente-1.png","width":775,"height":367,"caption":"Colli Vai Bo"},"image":{"@id":"https:\/\/collivaibo.it\/#\/schema\/logo\/image\/"}}]}},"_links":{"self":[{"href":"https:\/\/collivaibo.it\/de\/wp-json\/wp\/v2\/pages\/7719","targetHints":{"allow":["GET"]}}],"collection":[{"href":"https:\/\/collivaibo.it\/de\/wp-json\/wp\/v2\/pages"}],"about":[{"href":"https:\/\/collivaibo.it\/de\/wp-json\/wp\/v2\/types\/page"}],"author":[{"embeddable":true,"href":"https:\/\/collivaibo.it\/de\/wp-json\/wp\/v2\/users\/1"}],"replies":[{"embeddable":true,"href":"https:\/\/collivaibo.it\/de\/wp-json\/wp\/v2\/comments?post=7719"}],"version-history":[{"count":2,"href":"https:\/\/collivaibo.it\/de\/wp-json\/wp\/v2\/pages\/7719\/revisions"}],"predecessor-version":[{"id":7747,"href":"https:\/\/collivaibo.it\/de\/wp-json\/wp\/v2\/pages\/7719\/revisions\/7747"}],"wp:attachment":[{"href":"https:\/\/collivaibo.it\/de\/wp-json\/wp\/v2\/media?parent=7719"}],"curies":[{"name":"wp","href":"https:\/\/api.w.org\/{rel}","templated":true}]}}