{"id":7880,"date":"2023-03-22T16:34:43","date_gmt":"2023-03-22T15:34:43","guid":{"rendered":"https:\/\/collivaibo.it\/prodotto\/brut-rose\/"},"modified":"2025-04-27T15:10:48","modified_gmt":"2025-04-27T14:10:48","slug":"brut-rose","status":"publish","type":"product","link":"https:\/\/collivaibo.it\/de\/prodotto\/brut-rose\/","title":{"rendered":"Brut Ros\u00e9"},"content":{"rendered":"","protected":false},"excerpt":{"rendered":"<p><strong>Weinreben<\/strong><\/p>\n<div class=\"info portfolio_single_custom_field\">\n<p>65% Marzemino &#8211; 25% Groppello &#8211; 10% Merlot<\/p>\n<\/div>\n<div class=\"info portfolio_single_custom_field\">\n<p class=\"info_section_title\"><strong>Weinberg<\/strong><\/p>\n<p><span class=\"s1\">Die Reberziehung erfolgt nach der einseitigen Rundbogenerziehung. Die Stockdichte betr\u00e4gt 4.000 Rebst\u00f6cke pro Hektar und die Produktion etwa 3 kg proPflanze. Der Boden ist mor\u00e4nischen Ursprungs, haupts\u00e4chlich lehmig, s\u00fcdlich des Gardasees, mit Nord-S\u00fcd-Ausrichtung der Reihen. Die Ernte erfolgt durch von Hand. <\/span><\/p>\n<\/div>\n<div class=\"info portfolio_single_custom_field\">\n<p class=\"info_section_title\"><strong>Vinifikation<\/strong><\/p>\n<p>Der Most, der durch kurze Mazerierung und anschlie\u00dfende sanfte Pressung der ganzen Trauben gewonnen wird, g\u00e4rt bei kontrollierter Temperatur in Edelstahltanks mit ausgew\u00e4hlten Hefen.<\/p>\n<\/div>\n<div class=\"info portfolio_single_custom_field\">\n<p class=\"info_section_title\"><strong>Ausbau<\/strong><\/p>\n<p>Der Brut Ros\u00e8 bleibt bis zur Abf\u00fcllung in Flaschen mindestens 6 Monate lang \u201esur lies\u201c. Die Nachg\u00e4rung erfolgt nach der Martinotti-Methode (Charmat). Nach 2 Monaten im Autoklaven zur Schaumbildung wird der Wein in Flaschen abgef\u00fcllt und nach mindestens 3 Monaten Flaschenreifung vermarktet.<\/p>\n<\/div>\n<div class=\"info portfolio_single_custom_field\">\n<p class=\"info_section_title\"><strong>Organoleptische Merkmale<\/strong><\/p>\n<p>Kirschrosa Farbe mit violetten Reflexen. Er besitzt eine angenehme Perlage und ein Bouquet mit blumigen Noten. Im Mund ist er frisch und gleichzeitig voll und einh\u00fcllend, und zeichnet sich durch zarte Noten von Kirschen und roten Johannisbeeren aus.<\/p>\n<\/div>\n<div class=\"info portfolio_single_custom_field\">\n<p class=\"info_section_title\"><strong>Passt gut zu&#8230;<\/strong><\/p>\n<p>Dieser Wein eignet sich besonders f\u00fcr Aperitifs und Vorspeisen, kann aber auch w\u00e4hrend eines gesamten Men\u00fcs genossen werden. Frische, Geschmack und Vielseitigkeit zeichnen ihn aus. Bei 8-10\u00b0C servieren.<\/p>\n<\/div>\n<div class=\"info portfolio_single_custom_field\">\n<p class=\"info_section_title\"><strong>Alkoholgehalt<\/strong><\/p>\n<p>12,5\u00b0<\/p>\n<\/div>\n<div class=\"info portfolio_single_categories\">\n<p><strong><span class=\"s2\">Ab\u00fcllung<\/span><\/strong><\/p>\n<p class=\"p2\"><span class=\"s2\">0,75-Liter-Flasche.<\/span><\/p>\n<p><strong>Enth\u00e4lt Sulfite<\/strong><\/p>\n<p>In Italien hergestellter Wein<\/p>\n<\/div>\n","protected":false},"featured_media":7886,"comment_status":"closed","ping_status":"closed","template":"","meta":{"inline_featured_image":false},"product_cat":[100],"product_tag":[],"class_list":{"0":"post-7880","1":"product","2":"type-product","3":"status-publish","4":"has-post-thumbnail","6":"product_cat-rosati-de","8":"first","9":"outofstock","10":"shipping-taxable","11":"purchasable","12":"product-type-simple"},"yoast_head":"<!-- This site is optimized with the Yoast SEO plugin v27.1.1 - https:\/\/yoast.com\/product\/yoast-seo-wordpress\/ -->\n<title>Brut Ros\u00e9 - Colli Vai Bo<\/title>\n<meta name=\"robots\" content=\"index, follow, max-snippet:-1, max-image-preview:large, max-video-preview:-1\" \/>\n<link rel=\"canonical\" href=\"https:\/\/collivaibo.it\/de\/prodotto\/brut-rose\/\" \/>\n<meta property=\"og:locale\" content=\"de_DE\" \/>\n<meta property=\"og:type\" content=\"article\" \/>\n<meta property=\"og:title\" content=\"Brut Ros\u00e9 - Colli Vai Bo\" \/>\n<meta property=\"og:description\" content=\"Weinreben   65% Marzemino - 25% Groppello - 10% Merlot    Weinberg Die Reberziehung erfolgt nach der einseitigen Rundbogenerziehung. Die Stockdichte betr\u00e4gt 4.000 Rebst\u00f6cke pro Hektar und die Produktion etwa 3 kg proPflanze. Der Boden ist mor\u00e4nischen Ursprungs, haupts\u00e4chlich lehmig, s\u00fcdlich des Gardasees, mit Nord-S\u00fcd-Ausrichtung der Reihen. Die Ernte erfolgt durch von Hand.     Vinifikation Der Most, der durch kurze Mazerierung und anschlie\u00dfende sanfte Pressung der ganzen Trauben gewonnen wird, g\u00e4rt bei kontrollierter Temperatur in Edelstahltanks mit ausgew\u00e4hlten Hefen.    Ausbau Der Brut Ros\u00e8 bleibt bis zur Abf\u00fcllung in Flaschen mindestens 6 Monate lang \u201esur lies\u201c. Die Nachg\u00e4rung erfolgt nach der Martinotti-Methode (Charmat). Nach 2 Monaten im Autoklaven zur Schaumbildung wird der Wein in Flaschen abgef\u00fcllt und nach mindestens 3 Monaten Flaschenreifung vermarktet.    Organoleptische Merkmale Kirschrosa Farbe mit violetten Reflexen. Er besitzt eine angenehme Perlage und ein Bouquet mit blumigen Noten. Im Mund ist er frisch und gleichzeitig voll und einh\u00fcllend, und zeichnet sich durch zarte Noten von Kirschen und roten Johannisbeeren aus.    Passt gut zu... Dieser Wein eignet sich besonders f\u00fcr Aperitifs und Vorspeisen, kann aber auch w\u00e4hrend eines gesamten Men\u00fcs genossen werden. Frische, Geschmack und Vielseitigkeit zeichnen ihn aus. Bei 8-10\u00b0C servieren.    Alkoholgehalt 12,5\u00b0     Ab\u00fcllung 0,75-Liter-Flasche. Enth\u00e4lt Sulfite  In Italien hergestellter Wein\" \/>\n<meta property=\"og:url\" content=\"https:\/\/collivaibo.it\/de\/prodotto\/brut-rose\/\" \/>\n<meta property=\"og:site_name\" content=\"Colli Vai Bo\" \/>\n<meta property=\"article:modified_time\" content=\"2025-04-27T14:10:48+00:00\" \/>\n<meta property=\"og:image\" content=\"https:\/\/collivaibo.it\/wp-content\/uploads\/2023\/05\/Brut-Rose-Collivaibo.jpg\" \/>\n\t<meta property=\"og:image:width\" content=\"600\" \/>\n\t<meta property=\"og:image:height\" content=\"700\" \/>\n\t<meta property=\"og:image:type\" content=\"image\/jpeg\" \/>\n<meta name=\"twitter:card\" content=\"summary_large_image\" \/>\n<script type=\"application\/ld+json\" class=\"yoast-schema-graph\">{\"@context\":\"https:\/\/schema.org\",\"@graph\":[{\"@type\":\"WebPage\",\"@id\":\"https:\/\/collivaibo.it\/de\/prodotto\/brut-rose\/\",\"url\":\"https:\/\/collivaibo.it\/de\/prodotto\/brut-rose\/\",\"name\":\"Brut Ros\u00e9 - Colli Vai Bo\",\"isPartOf\":{\"@id\":\"https:\/\/collivaibo.it\/#website\"},\"primaryImageOfPage\":{\"@id\":\"https:\/\/collivaibo.it\/de\/prodotto\/brut-rose\/#primaryimage\"},\"image\":{\"@id\":\"https:\/\/collivaibo.it\/de\/prodotto\/brut-rose\/#primaryimage\"},\"thumbnailUrl\":\"https:\/\/collivaibo.it\/wp-content\/uploads\/2023\/05\/Brut-Rose-Collivaibo.jpg\",\"datePublished\":\"2023-03-22T15:34:43+00:00\",\"dateModified\":\"2025-04-27T14:10:48+00:00\",\"breadcrumb\":{\"@id\":\"https:\/\/collivaibo.it\/de\/prodotto\/brut-rose\/#breadcrumb\"},\"inLanguage\":\"de\",\"potentialAction\":[{\"@type\":\"ReadAction\",\"target\":[\"https:\/\/collivaibo.it\/de\/prodotto\/brut-rose\/\"]}]},{\"@type\":\"ImageObject\",\"inLanguage\":\"de\",\"@id\":\"https:\/\/collivaibo.it\/de\/prodotto\/brut-rose\/#primaryimage\",\"url\":\"https:\/\/collivaibo.it\/wp-content\/uploads\/2023\/05\/Brut-Rose-Collivaibo.jpg\",\"contentUrl\":\"https:\/\/collivaibo.it\/wp-content\/uploads\/2023\/05\/Brut-Rose-Collivaibo.jpg\",\"width\":600,\"height\":700},{\"@type\":\"BreadcrumbList\",\"@id\":\"https:\/\/collivaibo.it\/de\/prodotto\/brut-rose\/#breadcrumb\",\"itemListElement\":[{\"@type\":\"ListItem\",\"position\":1,\"name\":\"Home\",\"item\":\"https:\/\/collivaibo.it\/de\/\"},{\"@type\":\"ListItem\",\"position\":2,\"name\":\"Shop\",\"item\":\"https:\/\/collivaibo.it\/de\/?page_id=7717\"},{\"@type\":\"ListItem\",\"position\":3,\"name\":\"Brut Ros\u00e9\"}]},{\"@type\":\"WebSite\",\"@id\":\"https:\/\/collivaibo.it\/#website\",\"url\":\"https:\/\/collivaibo.it\/\",\"name\":\"Colli Vai Bo\",\"description\":\"\",\"publisher\":{\"@id\":\"https:\/\/collivaibo.it\/#organization\"},\"potentialAction\":[{\"@type\":\"SearchAction\",\"target\":{\"@type\":\"EntryPoint\",\"urlTemplate\":\"https:\/\/collivaibo.it\/?s={search_term_string}\"},\"query-input\":{\"@type\":\"PropertyValueSpecification\",\"valueRequired\":true,\"valueName\":\"search_term_string\"}}],\"inLanguage\":\"de\"},{\"@type\":\"Organization\",\"@id\":\"https:\/\/collivaibo.it\/#organization\",\"name\":\"Colli Vai Bo\",\"url\":\"https:\/\/collivaibo.it\/\",\"logo\":{\"@type\":\"ImageObject\",\"inLanguage\":\"de\",\"@id\":\"https:\/\/collivaibo.it\/#\/schema\/logo\/image\/\",\"url\":\"https:\/\/collivaibo.it\/wp-content\/uploads\/2021\/07\/cropped-Logo-trasparente-1.png\",\"contentUrl\":\"https:\/\/collivaibo.it\/wp-content\/uploads\/2021\/07\/cropped-Logo-trasparente-1.png\",\"width\":775,\"height\":367,\"caption\":\"Colli Vai Bo\"},\"image\":{\"@id\":\"https:\/\/collivaibo.it\/#\/schema\/logo\/image\/\"}}]}<\/script>\n<!-- \/ Yoast SEO plugin. -->","yoast_head_json":{"title":"Brut Ros\u00e9 - Colli Vai Bo","robots":{"index":"index","follow":"follow","max-snippet":"max-snippet:-1","max-image-preview":"max-image-preview:large","max-video-preview":"max-video-preview:-1"},"canonical":"https:\/\/collivaibo.it\/de\/prodotto\/brut-rose\/","og_locale":"de_DE","og_type":"article","og_title":"Brut Ros\u00e9 - Colli Vai Bo","og_description":"Weinreben   65% Marzemino - 25% Groppello - 10% Merlot    Weinberg Die Reberziehung erfolgt nach der einseitigen Rundbogenerziehung. Die Stockdichte betr\u00e4gt 4.000 Rebst\u00f6cke pro Hektar und die Produktion etwa 3 kg proPflanze. Der Boden ist mor\u00e4nischen Ursprungs, haupts\u00e4chlich lehmig, s\u00fcdlich des Gardasees, mit Nord-S\u00fcd-Ausrichtung der Reihen. Die Ernte erfolgt durch von Hand.     Vinifikation Der Most, der durch kurze Mazerierung und anschlie\u00dfende sanfte Pressung der ganzen Trauben gewonnen wird, g\u00e4rt bei kontrollierter Temperatur in Edelstahltanks mit ausgew\u00e4hlten Hefen.    Ausbau Der Brut Ros\u00e8 bleibt bis zur Abf\u00fcllung in Flaschen mindestens 6 Monate lang \u201esur lies\u201c. Die Nachg\u00e4rung erfolgt nach der Martinotti-Methode (Charmat). Nach 2 Monaten im Autoklaven zur Schaumbildung wird der Wein in Flaschen abgef\u00fcllt und nach mindestens 3 Monaten Flaschenreifung vermarktet.    Organoleptische Merkmale Kirschrosa Farbe mit violetten Reflexen. Er besitzt eine angenehme Perlage und ein Bouquet mit blumigen Noten. Im Mund ist er frisch und gleichzeitig voll und einh\u00fcllend, und zeichnet sich durch zarte Noten von Kirschen und roten Johannisbeeren aus.    Passt gut zu... Dieser Wein eignet sich besonders f\u00fcr Aperitifs und Vorspeisen, kann aber auch w\u00e4hrend eines gesamten Men\u00fcs genossen werden. Frische, Geschmack und Vielseitigkeit zeichnen ihn aus. Bei 8-10\u00b0C servieren.    Alkoholgehalt 12,5\u00b0     Ab\u00fcllung 0,75-Liter-Flasche. Enth\u00e4lt Sulfite  In Italien hergestellter Wein","og_url":"https:\/\/collivaibo.it\/de\/prodotto\/brut-rose\/","og_site_name":"Colli Vai Bo","article_modified_time":"2025-04-27T14:10:48+00:00","og_image":[{"width":600,"height":700,"url":"https:\/\/collivaibo.it\/wp-content\/uploads\/2023\/05\/Brut-Rose-Collivaibo.jpg","type":"image\/jpeg"}],"twitter_card":"summary_large_image","schema":{"@context":"https:\/\/schema.org","@graph":[{"@type":"WebPage","@id":"https:\/\/collivaibo.it\/de\/prodotto\/brut-rose\/","url":"https:\/\/collivaibo.it\/de\/prodotto\/brut-rose\/","name":"Brut Ros\u00e9 - Colli Vai Bo","isPartOf":{"@id":"https:\/\/collivaibo.it\/#website"},"primaryImageOfPage":{"@id":"https:\/\/collivaibo.it\/de\/prodotto\/brut-rose\/#primaryimage"},"image":{"@id":"https:\/\/collivaibo.it\/de\/prodotto\/brut-rose\/#primaryimage"},"thumbnailUrl":"https:\/\/collivaibo.it\/wp-content\/uploads\/2023\/05\/Brut-Rose-Collivaibo.jpg","datePublished":"2023-03-22T15:34:43+00:00","dateModified":"2025-04-27T14:10:48+00:00","breadcrumb":{"@id":"https:\/\/collivaibo.it\/de\/prodotto\/brut-rose\/#breadcrumb"},"inLanguage":"de","potentialAction":[{"@type":"ReadAction","target":["https:\/\/collivaibo.it\/de\/prodotto\/brut-rose\/"]}]},{"@type":"ImageObject","inLanguage":"de","@id":"https:\/\/collivaibo.it\/de\/prodotto\/brut-rose\/#primaryimage","url":"https:\/\/collivaibo.it\/wp-content\/uploads\/2023\/05\/Brut-Rose-Collivaibo.jpg","contentUrl":"https:\/\/collivaibo.it\/wp-content\/uploads\/2023\/05\/Brut-Rose-Collivaibo.jpg","width":600,"height":700},{"@type":"BreadcrumbList","@id":"https:\/\/collivaibo.it\/de\/prodotto\/brut-rose\/#breadcrumb","itemListElement":[{"@type":"ListItem","position":1,"name":"Home","item":"https:\/\/collivaibo.it\/de\/"},{"@type":"ListItem","position":2,"name":"Shop","item":"https:\/\/collivaibo.it\/de\/?page_id=7717"},{"@type":"ListItem","position":3,"name":"Brut Ros\u00e9"}]},{"@type":"WebSite","@id":"https:\/\/collivaibo.it\/#website","url":"https:\/\/collivaibo.it\/","name":"Colli Vai Bo","description":"","publisher":{"@id":"https:\/\/collivaibo.it\/#organization"},"potentialAction":[{"@type":"SearchAction","target":{"@type":"EntryPoint","urlTemplate":"https:\/\/collivaibo.it\/?s={search_term_string}"},"query-input":{"@type":"PropertyValueSpecification","valueRequired":true,"valueName":"search_term_string"}}],"inLanguage":"de"},{"@type":"Organization","@id":"https:\/\/collivaibo.it\/#organization","name":"Colli Vai Bo","url":"https:\/\/collivaibo.it\/","logo":{"@type":"ImageObject","inLanguage":"de","@id":"https:\/\/collivaibo.it\/#\/schema\/logo\/image\/","url":"https:\/\/collivaibo.it\/wp-content\/uploads\/2021\/07\/cropped-Logo-trasparente-1.png","contentUrl":"https:\/\/collivaibo.it\/wp-content\/uploads\/2021\/07\/cropped-Logo-trasparente-1.png","width":775,"height":367,"caption":"Colli Vai Bo"},"image":{"@id":"https:\/\/collivaibo.it\/#\/schema\/logo\/image\/"}}]}},"_links":{"self":[{"href":"https:\/\/collivaibo.it\/de\/wp-json\/wp\/v2\/product\/7880","targetHints":{"allow":["GET"]}}],"collection":[{"href":"https:\/\/collivaibo.it\/de\/wp-json\/wp\/v2\/product"}],"about":[{"href":"https:\/\/collivaibo.it\/de\/wp-json\/wp\/v2\/types\/product"}],"replies":[{"embeddable":true,"href":"https:\/\/collivaibo.it\/de\/wp-json\/wp\/v2\/comments?post=7880"}],"wp:featuredmedia":[{"embeddable":true,"href":"https:\/\/collivaibo.it\/de\/wp-json\/wp\/v2\/media\/7886"}],"wp:attachment":[{"href":"https:\/\/collivaibo.it\/de\/wp-json\/wp\/v2\/media?parent=7880"}],"wp:term":[{"taxonomy":"product_cat","embeddable":true,"href":"https:\/\/collivaibo.it\/de\/wp-json\/wp\/v2\/product_cat?post=7880"},{"taxonomy":"product_tag","embeddable":true,"href":"https:\/\/collivaibo.it\/de\/wp-json\/wp\/v2\/product_tag?post=7880"}],"curies":[{"name":"wp","href":"https:\/\/api.w.org\/{rel}","templated":true}]}}