{"id":7881,"date":"2023-03-22T16:27:30","date_gmt":"2023-03-22T15:27:30","guid":{"rendered":"https:\/\/collivaibo.it\/prodotto\/lugana-doc\/"},"modified":"2025-05-01T10:33:32","modified_gmt":"2025-05-01T09:33:32","slug":"lugana-doc","status":"publish","type":"product","link":"https:\/\/collivaibo.it\/de\/prodotto\/lugana-doc\/","title":{"rendered":"Lugana DOC"},"content":{"rendered":"","protected":false},"excerpt":{"rendered":"<p><strong>Jahrgang<\/strong><\/p>\n<div class=\"info portfolio_single_custom_field\">\n<p>2024<\/p>\n<\/div>\n<p><strong>Traubenmischung<\/strong><\/p>\n<div class=\"info portfolio_single_custom_field\">\n<p>TURBIANA sortenrein<\/p>\n<\/div>\n<div class=\"info portfolio_single_custom_field\">\n<p class=\"info_section_title\"><strong>Weinberg<\/strong><\/p>\n<p><span class=\"s1\">Die Reberziehung erfolgt nach dem System der Einfachen Bogenerziehung.<\/span><\/p>\n<\/div>\n<div class=\"info portfolio_single_custom_field\">\n<p class=\"info_section_title\"><strong>Weinherstellung<\/strong><\/p>\n<p>Der Most, der aus einer langsamen und progressiven Pressung von ganzen Trauben gewonnen wird, g\u00e4rt bei kontrollierter Temperatur in Edelstahltanks mit ausgew\u00e4hlten Hefen.<\/p>\n<\/div>\n<div class=\"info portfolio_single_custom_field\">\n<p class=\"info_section_title\"><strong>Ausbau<\/strong><\/p>\n<p>Der LUGANA wird bis zur Assemblage ca. 4 Monate auf der eigenen Hefe gelagert, bis er nach ca. 1 Monat Ausbau in der Flasche verkauft wird.<\/p>\n<\/div>\n<div class=\"info portfolio_single_custom_field\">\n<p class=\"info_section_title\"><strong>Organoleptische Eigenschaften<\/strong><\/p>\n<p>Strohgelbe Farbe mit gr\u00fcnlichen Reflexen. In der Nase dr\u00fcckt der Wein vor allem fruchtige und blumige Noten aus, die Anzeichen starke Anzeichen von D\u00fcften wie Birne und Pfirsich und einige kostbare Gew\u00fcrze wie Safran aufweisen. Am Gaumen zeigt sich ein reicher Geschmack, der auf ein ausgepr\u00e4gtes Aroma und eine gute Struktur, die gut die s\u00e4uerliche Ader begleiten, die dieses Produkt charakterisiert, zur\u00fcckzuf\u00fchren ist. Ein harmonischer und angenehmer Wein, der f\u00fcr viele Gerichte geeignet ist<\/p>\n<p><strong><span class=\"s2\">Ideal zu \u2026<\/span><\/strong><\/p>\n<p class=\"p2\"><span class=\"s2\">Vorspeisen, gekochtem oder gegrilltem Fisch, wei\u00dfem Fleisch. Auch angenehm mit Frischk\u00e4se.<\/span><\/p>\n<\/div>\n<div class=\"info portfolio_single_custom_field\">\n<p class=\"info_section_title\"><strong>Alkoholgehalt<\/strong><\/p>\n<p>12,5\u00b0<\/p>\n<p><strong>Abf\u00fcllung<\/strong><br \/>\nFlasche zu 0,75 lt.<\/p>\n<p><strong>Enth\u00e4lt Sulfite<\/strong><\/p>\n<p>In Italien hergestellter Wein<\/p>\n<p><a href=\"https:\/\/id.piu-info.it\/3d06732f-7a3d-486a-8f9c-627ce2fbb91b\"><strong>Klicke hier und entdecke die Energie- und N\u00e4hrwerte<\/strong><\/a><\/div>\n","protected":false},"featured_media":7883,"comment_status":"closed","ping_status":"closed","template":"","meta":{"inline_featured_image":false},"product_cat":[98],"product_tag":[],"class_list":{"0":"post-7881","1":"product","2":"type-product","3":"status-publish","4":"has-post-thumbnail","6":"product_cat-lugana-de","8":"first","9":"instock","10":"shipping-taxable","11":"purchasable","12":"product-type-simple"},"yoast_head":"<!-- This site is optimized with the Yoast SEO plugin v27.4 - https:\/\/yoast.com\/product\/yoast-seo-wordpress\/ -->\n<title>Lugana DOC - Colli Vai Bo<\/title>\n<meta name=\"robots\" content=\"index, follow, max-snippet:-1, max-image-preview:large, max-video-preview:-1\" \/>\n<link rel=\"canonical\" href=\"https:\/\/collivaibo.it\/de\/prodotto\/lugana-doc\/\" \/>\n<meta property=\"og:locale\" content=\"de_DE\" \/>\n<meta property=\"og:type\" content=\"article\" \/>\n<meta property=\"og:title\" content=\"Lugana DOC - Colli Vai Bo\" \/>\n<meta property=\"og:description\" content=\"Jahrgang   2024   Traubenmischung   TURBIANA sortenrein    Weinberg Die Reberziehung erfolgt nach dem System der Einfachen Bogenerziehung.    Weinherstellung Der Most, der aus einer langsamen und progressiven Pressung von ganzen Trauben gewonnen wird, g\u00e4rt bei kontrollierter Temperatur in Edelstahltanks mit ausgew\u00e4hlten Hefen.    Ausbau Der LUGANA wird bis zur Assemblage ca. 4 Monate auf der eigenen Hefe gelagert, bis er nach ca. 1 Monat Ausbau in der Flasche verkauft wird.    Organoleptische Eigenschaften Strohgelbe Farbe mit gr\u00fcnlichen Reflexen. In der Nase dr\u00fcckt der Wein vor allem fruchtige und blumige Noten aus, die Anzeichen starke Anzeichen von D\u00fcften wie Birne und Pfirsich und einige kostbare Gew\u00fcrze wie Safran aufweisen. Am Gaumen zeigt sich ein reicher Geschmack, der auf ein ausgepr\u00e4gtes Aroma und eine gute Struktur, die gut die s\u00e4uerliche Ader begleiten, die dieses Produkt charakterisiert, zur\u00fcckzuf\u00fchren ist. Ein harmonischer und angenehmer Wein, der f\u00fcr viele Gerichte geeignet ist  Ideal zu \u2026 Vorspeisen, gekochtem oder gegrilltem Fisch, wei\u00dfem Fleisch. Auch angenehm mit Frischk\u00e4se.    Alkoholgehalt 12,5\u00b0  Abf\u00fcllung Flasche zu 0,75 lt.  Enth\u00e4lt Sulfite  In Italien hergestellter Wein  Klicke hier und entdecke die Energie- und N\u00e4hrwerte\" \/>\n<meta property=\"og:url\" content=\"https:\/\/collivaibo.it\/de\/prodotto\/lugana-doc\/\" \/>\n<meta property=\"og:site_name\" content=\"Colli Vai Bo\" \/>\n<meta property=\"article:modified_time\" content=\"2025-05-01T09:33:32+00:00\" \/>\n<meta property=\"og:image\" content=\"https:\/\/collivaibo.it\/wp-content\/uploads\/2021\/07\/Lugana-DOC.png\" \/>\n\t<meta property=\"og:image:width\" content=\"600\" \/>\n\t<meta property=\"og:image:height\" content=\"700\" \/>\n\t<meta property=\"og:image:type\" content=\"image\/png\" \/>\n<meta name=\"twitter:card\" content=\"summary_large_image\" \/>\n<script type=\"application\/ld+json\" class=\"yoast-schema-graph\">{\"@context\":\"https:\\\/\\\/schema.org\",\"@graph\":[{\"@type\":\"WebPage\",\"@id\":\"https:\\\/\\\/collivaibo.it\\\/de\\\/prodotto\\\/lugana-doc\\\/\",\"url\":\"https:\\\/\\\/collivaibo.it\\\/de\\\/prodotto\\\/lugana-doc\\\/\",\"name\":\"Lugana DOC - Colli Vai Bo\",\"isPartOf\":{\"@id\":\"https:\\\/\\\/collivaibo.it\\\/#website\"},\"primaryImageOfPage\":{\"@id\":\"https:\\\/\\\/collivaibo.it\\\/de\\\/prodotto\\\/lugana-doc\\\/#primaryimage\"},\"image\":{\"@id\":\"https:\\\/\\\/collivaibo.it\\\/de\\\/prodotto\\\/lugana-doc\\\/#primaryimage\"},\"thumbnailUrl\":\"https:\\\/\\\/collivaibo.it\\\/wp-content\\\/uploads\\\/2021\\\/07\\\/Lugana-DOC.png\",\"datePublished\":\"2023-03-22T15:27:30+00:00\",\"dateModified\":\"2025-05-01T09:33:32+00:00\",\"breadcrumb\":{\"@id\":\"https:\\\/\\\/collivaibo.it\\\/de\\\/prodotto\\\/lugana-doc\\\/#breadcrumb\"},\"inLanguage\":\"de\",\"potentialAction\":[{\"@type\":\"ReadAction\",\"target\":[\"https:\\\/\\\/collivaibo.it\\\/de\\\/prodotto\\\/lugana-doc\\\/\"]}]},{\"@type\":\"ImageObject\",\"inLanguage\":\"de\",\"@id\":\"https:\\\/\\\/collivaibo.it\\\/de\\\/prodotto\\\/lugana-doc\\\/#primaryimage\",\"url\":\"https:\\\/\\\/collivaibo.it\\\/wp-content\\\/uploads\\\/2021\\\/07\\\/Lugana-DOC.png\",\"contentUrl\":\"https:\\\/\\\/collivaibo.it\\\/wp-content\\\/uploads\\\/2021\\\/07\\\/Lugana-DOC.png\",\"width\":600,\"height\":700},{\"@type\":\"BreadcrumbList\",\"@id\":\"https:\\\/\\\/collivaibo.it\\\/de\\\/prodotto\\\/lugana-doc\\\/#breadcrumb\",\"itemListElement\":[{\"@type\":\"ListItem\",\"position\":1,\"name\":\"Home\",\"item\":\"https:\\\/\\\/collivaibo.it\\\/de\\\/\"},{\"@type\":\"ListItem\",\"position\":2,\"name\":\"Shop\",\"item\":\"https:\\\/\\\/collivaibo.it\\\/de\\\/?page_id=7717\"},{\"@type\":\"ListItem\",\"position\":3,\"name\":\"Lugana DOC\"}]},{\"@type\":\"WebSite\",\"@id\":\"https:\\\/\\\/collivaibo.it\\\/#website\",\"url\":\"https:\\\/\\\/collivaibo.it\\\/\",\"name\":\"Colli Vai Bo\",\"description\":\"\",\"publisher\":{\"@id\":\"https:\\\/\\\/collivaibo.it\\\/#organization\"},\"potentialAction\":[{\"@type\":\"SearchAction\",\"target\":{\"@type\":\"EntryPoint\",\"urlTemplate\":\"https:\\\/\\\/collivaibo.it\\\/?s={search_term_string}\"},\"query-input\":{\"@type\":\"PropertyValueSpecification\",\"valueRequired\":true,\"valueName\":\"search_term_string\"}}],\"inLanguage\":\"de\"},{\"@type\":\"Organization\",\"@id\":\"https:\\\/\\\/collivaibo.it\\\/#organization\",\"name\":\"Colli Vai Bo\",\"url\":\"https:\\\/\\\/collivaibo.it\\\/\",\"logo\":{\"@type\":\"ImageObject\",\"inLanguage\":\"de\",\"@id\":\"https:\\\/\\\/collivaibo.it\\\/#\\\/schema\\\/logo\\\/image\\\/\",\"url\":\"https:\\\/\\\/collivaibo.it\\\/wp-content\\\/uploads\\\/2021\\\/07\\\/cropped-Logo-trasparente-1.png\",\"contentUrl\":\"https:\\\/\\\/collivaibo.it\\\/wp-content\\\/uploads\\\/2021\\\/07\\\/cropped-Logo-trasparente-1.png\",\"width\":775,\"height\":367,\"caption\":\"Colli Vai Bo\"},\"image\":{\"@id\":\"https:\\\/\\\/collivaibo.it\\\/#\\\/schema\\\/logo\\\/image\\\/\"}}]}<\/script>\n<!-- \/ Yoast SEO plugin. -->","yoast_head_json":{"title":"Lugana DOC - Colli Vai Bo","robots":{"index":"index","follow":"follow","max-snippet":"max-snippet:-1","max-image-preview":"max-image-preview:large","max-video-preview":"max-video-preview:-1"},"canonical":"https:\/\/collivaibo.it\/de\/prodotto\/lugana-doc\/","og_locale":"de_DE","og_type":"article","og_title":"Lugana DOC - Colli Vai Bo","og_description":"Jahrgang   2024   Traubenmischung   TURBIANA sortenrein    Weinberg Die Reberziehung erfolgt nach dem System der Einfachen Bogenerziehung.    Weinherstellung Der Most, der aus einer langsamen und progressiven Pressung von ganzen Trauben gewonnen wird, g\u00e4rt bei kontrollierter Temperatur in Edelstahltanks mit ausgew\u00e4hlten Hefen.    Ausbau Der LUGANA wird bis zur Assemblage ca. 4 Monate auf der eigenen Hefe gelagert, bis er nach ca. 1 Monat Ausbau in der Flasche verkauft wird.    Organoleptische Eigenschaften Strohgelbe Farbe mit gr\u00fcnlichen Reflexen. In der Nase dr\u00fcckt der Wein vor allem fruchtige und blumige Noten aus, die Anzeichen starke Anzeichen von D\u00fcften wie Birne und Pfirsich und einige kostbare Gew\u00fcrze wie Safran aufweisen. Am Gaumen zeigt sich ein reicher Geschmack, der auf ein ausgepr\u00e4gtes Aroma und eine gute Struktur, die gut die s\u00e4uerliche Ader begleiten, die dieses Produkt charakterisiert, zur\u00fcckzuf\u00fchren ist. Ein harmonischer und angenehmer Wein, der f\u00fcr viele Gerichte geeignet ist  Ideal zu \u2026 Vorspeisen, gekochtem oder gegrilltem Fisch, wei\u00dfem Fleisch. Auch angenehm mit Frischk\u00e4se.    Alkoholgehalt 12,5\u00b0  Abf\u00fcllung Flasche zu 0,75 lt.  Enth\u00e4lt Sulfite  In Italien hergestellter Wein  Klicke hier und entdecke die Energie- und N\u00e4hrwerte","og_url":"https:\/\/collivaibo.it\/de\/prodotto\/lugana-doc\/","og_site_name":"Colli Vai Bo","article_modified_time":"2025-05-01T09:33:32+00:00","og_image":[{"width":600,"height":700,"url":"https:\/\/collivaibo.it\/wp-content\/uploads\/2021\/07\/Lugana-DOC.png","type":"image\/png"}],"twitter_card":"summary_large_image","schema":{"@context":"https:\/\/schema.org","@graph":[{"@type":"WebPage","@id":"https:\/\/collivaibo.it\/de\/prodotto\/lugana-doc\/","url":"https:\/\/collivaibo.it\/de\/prodotto\/lugana-doc\/","name":"Lugana DOC - Colli Vai Bo","isPartOf":{"@id":"https:\/\/collivaibo.it\/#website"},"primaryImageOfPage":{"@id":"https:\/\/collivaibo.it\/de\/prodotto\/lugana-doc\/#primaryimage"},"image":{"@id":"https:\/\/collivaibo.it\/de\/prodotto\/lugana-doc\/#primaryimage"},"thumbnailUrl":"https:\/\/collivaibo.it\/wp-content\/uploads\/2021\/07\/Lugana-DOC.png","datePublished":"2023-03-22T15:27:30+00:00","dateModified":"2025-05-01T09:33:32+00:00","breadcrumb":{"@id":"https:\/\/collivaibo.it\/de\/prodotto\/lugana-doc\/#breadcrumb"},"inLanguage":"de","potentialAction":[{"@type":"ReadAction","target":["https:\/\/collivaibo.it\/de\/prodotto\/lugana-doc\/"]}]},{"@type":"ImageObject","inLanguage":"de","@id":"https:\/\/collivaibo.it\/de\/prodotto\/lugana-doc\/#primaryimage","url":"https:\/\/collivaibo.it\/wp-content\/uploads\/2021\/07\/Lugana-DOC.png","contentUrl":"https:\/\/collivaibo.it\/wp-content\/uploads\/2021\/07\/Lugana-DOC.png","width":600,"height":700},{"@type":"BreadcrumbList","@id":"https:\/\/collivaibo.it\/de\/prodotto\/lugana-doc\/#breadcrumb","itemListElement":[{"@type":"ListItem","position":1,"name":"Home","item":"https:\/\/collivaibo.it\/de\/"},{"@type":"ListItem","position":2,"name":"Shop","item":"https:\/\/collivaibo.it\/de\/?page_id=7717"},{"@type":"ListItem","position":3,"name":"Lugana DOC"}]},{"@type":"WebSite","@id":"https:\/\/collivaibo.it\/#website","url":"https:\/\/collivaibo.it\/","name":"Colli Vai Bo","description":"","publisher":{"@id":"https:\/\/collivaibo.it\/#organization"},"potentialAction":[{"@type":"SearchAction","target":{"@type":"EntryPoint","urlTemplate":"https:\/\/collivaibo.it\/?s={search_term_string}"},"query-input":{"@type":"PropertyValueSpecification","valueRequired":true,"valueName":"search_term_string"}}],"inLanguage":"de"},{"@type":"Organization","@id":"https:\/\/collivaibo.it\/#organization","name":"Colli Vai Bo","url":"https:\/\/collivaibo.it\/","logo":{"@type":"ImageObject","inLanguage":"de","@id":"https:\/\/collivaibo.it\/#\/schema\/logo\/image\/","url":"https:\/\/collivaibo.it\/wp-content\/uploads\/2021\/07\/cropped-Logo-trasparente-1.png","contentUrl":"https:\/\/collivaibo.it\/wp-content\/uploads\/2021\/07\/cropped-Logo-trasparente-1.png","width":775,"height":367,"caption":"Colli Vai Bo"},"image":{"@id":"https:\/\/collivaibo.it\/#\/schema\/logo\/image\/"}}]}},"_links":{"self":[{"href":"https:\/\/collivaibo.it\/de\/wp-json\/wp\/v2\/product\/7881","targetHints":{"allow":["GET"]}}],"collection":[{"href":"https:\/\/collivaibo.it\/de\/wp-json\/wp\/v2\/product"}],"about":[{"href":"https:\/\/collivaibo.it\/de\/wp-json\/wp\/v2\/types\/product"}],"replies":[{"embeddable":true,"href":"https:\/\/collivaibo.it\/de\/wp-json\/wp\/v2\/comments?post=7881"}],"wp:featuredmedia":[{"embeddable":true,"href":"https:\/\/collivaibo.it\/de\/wp-json\/wp\/v2\/media\/7883"}],"wp:attachment":[{"href":"https:\/\/collivaibo.it\/de\/wp-json\/wp\/v2\/media?parent=7881"}],"wp:term":[{"taxonomy":"product_cat","embeddable":true,"href":"https:\/\/collivaibo.it\/de\/wp-json\/wp\/v2\/product_cat?post=7881"},{"taxonomy":"product_tag","embeddable":true,"href":"https:\/\/collivaibo.it\/de\/wp-json\/wp\/v2\/product_tag?post=7881"}],"curies":[{"name":"wp","href":"https:\/\/api.w.org\/{rel}","templated":true}]}}