{"id":7884,"date":"2023-03-22T16:35:51","date_gmt":"2023-03-22T15:35:51","guid":{"rendered":"https:\/\/collivaibo.it\/prodotto\/chardonnay-brut\/"},"modified":"2025-04-27T15:14:31","modified_gmt":"2025-04-27T14:14:31","slug":"chardonnay-brut","status":"publish","type":"product","link":"https:\/\/collivaibo.it\/de\/prodotto\/chardonnay-brut\/","title":{"rendered":"Chardonnay Brut"},"content":{"rendered":"","protected":false},"excerpt":{"rendered":"<p><strong>Traubenmischung<\/strong><\/p>\n<div class=\"info portfolio_single_custom_field\">\n<p>CHARDONNAY<\/p>\n<\/div>\n<div class=\"info portfolio_single_custom_field\">\n<p class=\"info_section_title\"><strong>Weinberg<\/strong><\/p>\n<p>Die Reberziehung erfolgt durch das Guyot-System. Die Bepflanzungsdichte liegt bei 4.000 Rebst\u00f6cken pro Hektar und die Produktion betr\u00e4gt etwa 3 Kg pro Pflanze. Der Boden ist mor\u00e4nischen Ursprungs und das Anbaugebiet befindet sich s\u00fcdlich des Gardasees, wo die Rebreihen von Norden nach S\u00fcden ausgerichtet sind. Die Weinlese erfolgt von Hand.<\/p>\n<\/div>\n<div class=\"info portfolio_single_custom_field\">\n<p class=\"info_section_title\"><strong>Weinherstellung<\/strong><\/p>\n<p>Der aus einer langsamen und progressiven Pressung der ganzen Trauben gewonnene Most g\u00e4rt mit ausgew\u00e4hlten Hefen bei kontrollierter Temperatur in Edelstahltanks.<\/p>\n<\/div>\n<div class=\"info portfolio_single_custom_field\">\n<p class=\"info_section_title\"><strong>Ausbau<\/strong><\/p>\n<p>Der Chardonnay wird mit seinen eigenen Hefen f\u00fcr ca. 3 Monate gelagert, bis er nach der Martinotti-Mathode (Charmat) umgef\u00fcllt wird. Er verweilt 2 Monate im Drucktank und erh\u00e4lt seine Perlen. Danach wird er in Flaschen abgef\u00fcllt und nach ca. 3 Monaten Ausbau in der Flasche vermarktet.<\/p>\n<\/div>\n<div class=\"info portfolio_single_custom_field\">\n<p class=\"info_section_title\"><strong>Organoleptische Eigenschaften<br \/>\n<\/strong><\/p>\n<p>Strohgelbe Farbe mit gr\u00fcnlichen Reflexen. In der Nase dr\u00fcckt der Wein vor allem fruchtig-blumige Noten und einen Hauch von Brotkruste aus. Er beh\u00e4lt dank der Anwesenheit der Perlen, die charakterischerweise nicht aufdringlich sind, ein gutes Gef\u00fchl von Frische.<\/p>\n<\/div>\n<div class=\"info portfolio_single_custom_field\">\n<p class=\"info_section_title\"><strong>Alkoholgehalt<\/strong><\/p>\n<p>12,5\u00b0<\/p>\n<\/div>\n<div class=\"info portfolio_single_custom_field\">\n<p class=\"info_section_title\"><strong>Format<\/strong><\/p>\n<p>0,75-Liter-Flasche.<\/p>\n<p><strong>Enth\u00e4lt Sulfite<\/strong><\/p>\n<p>In Italien hergestellter Wein<\/p>\n<\/div>\n","protected":false},"featured_media":7795,"comment_status":"closed","ping_status":"closed","template":"","meta":{"inline_featured_image":false},"product_cat":[101],"product_tag":[],"class_list":{"0":"post-7884","1":"product","2":"type-product","3":"status-publish","4":"has-post-thumbnail","6":"product_cat-schaumweine","8":"first","9":"instock","10":"shipping-taxable","11":"purchasable","12":"product-type-simple"},"yoast_head":"<!-- This site is optimized with the Yoast SEO plugin v27.1.1 - https:\/\/yoast.com\/product\/yoast-seo-wordpress\/ -->\n<title>Chardonnay Brut - Colli Vai Bo<\/title>\n<meta name=\"robots\" content=\"index, follow, max-snippet:-1, max-image-preview:large, max-video-preview:-1\" \/>\n<link rel=\"canonical\" href=\"https:\/\/collivaibo.it\/de\/prodotto\/chardonnay-brut\/\" \/>\n<meta property=\"og:locale\" content=\"de_DE\" \/>\n<meta property=\"og:type\" content=\"article\" \/>\n<meta property=\"og:title\" content=\"Chardonnay Brut - Colli Vai Bo\" \/>\n<meta property=\"og:description\" content=\"Traubenmischung   CHARDONNAY    Weinberg Die Reberziehung erfolgt durch das Guyot-System. Die Bepflanzungsdichte liegt bei 4.000 Rebst\u00f6cken pro Hektar und die Produktion betr\u00e4gt etwa 3 Kg pro Pflanze. Der Boden ist mor\u00e4nischen Ursprungs und das Anbaugebiet befindet sich s\u00fcdlich des Gardasees, wo die Rebreihen von Norden nach S\u00fcden ausgerichtet sind. Die Weinlese erfolgt von Hand.    Weinherstellung Der aus einer langsamen und progressiven Pressung der ganzen Trauben gewonnene Most g\u00e4rt mit ausgew\u00e4hlten Hefen bei kontrollierter Temperatur in Edelstahltanks.    Ausbau Der Chardonnay wird mit seinen eigenen Hefen f\u00fcr ca. 3 Monate gelagert, bis er nach der Martinotti-Mathode (Charmat) umgef\u00fcllt wird. Er verweilt 2 Monate im Drucktank und erh\u00e4lt seine Perlen. Danach wird er in Flaschen abgef\u00fcllt und nach ca. 3 Monaten Ausbau in der Flasche vermarktet.    Organoleptische Eigenschaften  Strohgelbe Farbe mit gr\u00fcnlichen Reflexen. In der Nase dr\u00fcckt der Wein vor allem fruchtig-blumige Noten und einen Hauch von Brotkruste aus. Er beh\u00e4lt dank der Anwesenheit der Perlen, die charakterischerweise nicht aufdringlich sind, ein gutes Gef\u00fchl von Frische.    Alkoholgehalt 12,5\u00b0    Format 0,75-Liter-Flasche.  Enth\u00e4lt Sulfite  In Italien hergestellter Wein\" \/>\n<meta property=\"og:url\" content=\"https:\/\/collivaibo.it\/de\/prodotto\/chardonnay-brut\/\" \/>\n<meta property=\"og:site_name\" content=\"Colli Vai Bo\" \/>\n<meta property=\"article:modified_time\" content=\"2025-04-27T14:14:31+00:00\" \/>\n<meta property=\"og:image\" content=\"https:\/\/collivaibo.it\/wp-content\/uploads\/2021\/07\/Chardonnay-1.png\" \/>\n\t<meta property=\"og:image:width\" content=\"600\" \/>\n\t<meta property=\"og:image:height\" content=\"700\" \/>\n\t<meta property=\"og:image:type\" content=\"image\/png\" \/>\n<meta name=\"twitter:card\" content=\"summary_large_image\" \/>\n<script type=\"application\/ld+json\" class=\"yoast-schema-graph\">{\"@context\":\"https:\/\/schema.org\",\"@graph\":[{\"@type\":\"WebPage\",\"@id\":\"https:\/\/collivaibo.it\/de\/prodotto\/chardonnay-brut\/\",\"url\":\"https:\/\/collivaibo.it\/de\/prodotto\/chardonnay-brut\/\",\"name\":\"Chardonnay Brut - Colli Vai Bo\",\"isPartOf\":{\"@id\":\"https:\/\/collivaibo.it\/#website\"},\"primaryImageOfPage\":{\"@id\":\"https:\/\/collivaibo.it\/de\/prodotto\/chardonnay-brut\/#primaryimage\"},\"image\":{\"@id\":\"https:\/\/collivaibo.it\/de\/prodotto\/chardonnay-brut\/#primaryimage\"},\"thumbnailUrl\":\"https:\/\/collivaibo.it\/wp-content\/uploads\/2021\/07\/Chardonnay-1.png\",\"datePublished\":\"2023-03-22T15:35:51+00:00\",\"dateModified\":\"2025-04-27T14:14:31+00:00\",\"breadcrumb\":{\"@id\":\"https:\/\/collivaibo.it\/de\/prodotto\/chardonnay-brut\/#breadcrumb\"},\"inLanguage\":\"de\",\"potentialAction\":[{\"@type\":\"ReadAction\",\"target\":[\"https:\/\/collivaibo.it\/de\/prodotto\/chardonnay-brut\/\"]}]},{\"@type\":\"ImageObject\",\"inLanguage\":\"de\",\"@id\":\"https:\/\/collivaibo.it\/de\/prodotto\/chardonnay-brut\/#primaryimage\",\"url\":\"https:\/\/collivaibo.it\/wp-content\/uploads\/2021\/07\/Chardonnay-1.png\",\"contentUrl\":\"https:\/\/collivaibo.it\/wp-content\/uploads\/2021\/07\/Chardonnay-1.png\",\"width\":600,\"height\":700},{\"@type\":\"BreadcrumbList\",\"@id\":\"https:\/\/collivaibo.it\/de\/prodotto\/chardonnay-brut\/#breadcrumb\",\"itemListElement\":[{\"@type\":\"ListItem\",\"position\":1,\"name\":\"Home\",\"item\":\"https:\/\/collivaibo.it\/de\/\"},{\"@type\":\"ListItem\",\"position\":2,\"name\":\"Shop\",\"item\":\"https:\/\/collivaibo.it\/de\/?page_id=7717\"},{\"@type\":\"ListItem\",\"position\":3,\"name\":\"Chardonnay Brut\"}]},{\"@type\":\"WebSite\",\"@id\":\"https:\/\/collivaibo.it\/#website\",\"url\":\"https:\/\/collivaibo.it\/\",\"name\":\"Colli Vai Bo\",\"description\":\"\",\"publisher\":{\"@id\":\"https:\/\/collivaibo.it\/#organization\"},\"potentialAction\":[{\"@type\":\"SearchAction\",\"target\":{\"@type\":\"EntryPoint\",\"urlTemplate\":\"https:\/\/collivaibo.it\/?s={search_term_string}\"},\"query-input\":{\"@type\":\"PropertyValueSpecification\",\"valueRequired\":true,\"valueName\":\"search_term_string\"}}],\"inLanguage\":\"de\"},{\"@type\":\"Organization\",\"@id\":\"https:\/\/collivaibo.it\/#organization\",\"name\":\"Colli Vai Bo\",\"url\":\"https:\/\/collivaibo.it\/\",\"logo\":{\"@type\":\"ImageObject\",\"inLanguage\":\"de\",\"@id\":\"https:\/\/collivaibo.it\/#\/schema\/logo\/image\/\",\"url\":\"https:\/\/collivaibo.it\/wp-content\/uploads\/2021\/07\/cropped-Logo-trasparente-1.png\",\"contentUrl\":\"https:\/\/collivaibo.it\/wp-content\/uploads\/2021\/07\/cropped-Logo-trasparente-1.png\",\"width\":775,\"height\":367,\"caption\":\"Colli Vai Bo\"},\"image\":{\"@id\":\"https:\/\/collivaibo.it\/#\/schema\/logo\/image\/\"}}]}<\/script>\n<!-- \/ Yoast SEO plugin. -->","yoast_head_json":{"title":"Chardonnay Brut - Colli Vai Bo","robots":{"index":"index","follow":"follow","max-snippet":"max-snippet:-1","max-image-preview":"max-image-preview:large","max-video-preview":"max-video-preview:-1"},"canonical":"https:\/\/collivaibo.it\/de\/prodotto\/chardonnay-brut\/","og_locale":"de_DE","og_type":"article","og_title":"Chardonnay Brut - Colli Vai Bo","og_description":"Traubenmischung   CHARDONNAY    Weinberg Die Reberziehung erfolgt durch das Guyot-System. Die Bepflanzungsdichte liegt bei 4.000 Rebst\u00f6cken pro Hektar und die Produktion betr\u00e4gt etwa 3 Kg pro Pflanze. Der Boden ist mor\u00e4nischen Ursprungs und das Anbaugebiet befindet sich s\u00fcdlich des Gardasees, wo die Rebreihen von Norden nach S\u00fcden ausgerichtet sind. Die Weinlese erfolgt von Hand.    Weinherstellung Der aus einer langsamen und progressiven Pressung der ganzen Trauben gewonnene Most g\u00e4rt mit ausgew\u00e4hlten Hefen bei kontrollierter Temperatur in Edelstahltanks.    Ausbau Der Chardonnay wird mit seinen eigenen Hefen f\u00fcr ca. 3 Monate gelagert, bis er nach der Martinotti-Mathode (Charmat) umgef\u00fcllt wird. Er verweilt 2 Monate im Drucktank und erh\u00e4lt seine Perlen. Danach wird er in Flaschen abgef\u00fcllt und nach ca. 3 Monaten Ausbau in der Flasche vermarktet.    Organoleptische Eigenschaften  Strohgelbe Farbe mit gr\u00fcnlichen Reflexen. In der Nase dr\u00fcckt der Wein vor allem fruchtig-blumige Noten und einen Hauch von Brotkruste aus. Er beh\u00e4lt dank der Anwesenheit der Perlen, die charakterischerweise nicht aufdringlich sind, ein gutes Gef\u00fchl von Frische.    Alkoholgehalt 12,5\u00b0    Format 0,75-Liter-Flasche.  Enth\u00e4lt Sulfite  In Italien hergestellter Wein","og_url":"https:\/\/collivaibo.it\/de\/prodotto\/chardonnay-brut\/","og_site_name":"Colli Vai Bo","article_modified_time":"2025-04-27T14:14:31+00:00","og_image":[{"width":600,"height":700,"url":"https:\/\/collivaibo.it\/wp-content\/uploads\/2021\/07\/Chardonnay-1.png","type":"image\/png"}],"twitter_card":"summary_large_image","schema":{"@context":"https:\/\/schema.org","@graph":[{"@type":"WebPage","@id":"https:\/\/collivaibo.it\/de\/prodotto\/chardonnay-brut\/","url":"https:\/\/collivaibo.it\/de\/prodotto\/chardonnay-brut\/","name":"Chardonnay Brut - Colli Vai Bo","isPartOf":{"@id":"https:\/\/collivaibo.it\/#website"},"primaryImageOfPage":{"@id":"https:\/\/collivaibo.it\/de\/prodotto\/chardonnay-brut\/#primaryimage"},"image":{"@id":"https:\/\/collivaibo.it\/de\/prodotto\/chardonnay-brut\/#primaryimage"},"thumbnailUrl":"https:\/\/collivaibo.it\/wp-content\/uploads\/2021\/07\/Chardonnay-1.png","datePublished":"2023-03-22T15:35:51+00:00","dateModified":"2025-04-27T14:14:31+00:00","breadcrumb":{"@id":"https:\/\/collivaibo.it\/de\/prodotto\/chardonnay-brut\/#breadcrumb"},"inLanguage":"de","potentialAction":[{"@type":"ReadAction","target":["https:\/\/collivaibo.it\/de\/prodotto\/chardonnay-brut\/"]}]},{"@type":"ImageObject","inLanguage":"de","@id":"https:\/\/collivaibo.it\/de\/prodotto\/chardonnay-brut\/#primaryimage","url":"https:\/\/collivaibo.it\/wp-content\/uploads\/2021\/07\/Chardonnay-1.png","contentUrl":"https:\/\/collivaibo.it\/wp-content\/uploads\/2021\/07\/Chardonnay-1.png","width":600,"height":700},{"@type":"BreadcrumbList","@id":"https:\/\/collivaibo.it\/de\/prodotto\/chardonnay-brut\/#breadcrumb","itemListElement":[{"@type":"ListItem","position":1,"name":"Home","item":"https:\/\/collivaibo.it\/de\/"},{"@type":"ListItem","position":2,"name":"Shop","item":"https:\/\/collivaibo.it\/de\/?page_id=7717"},{"@type":"ListItem","position":3,"name":"Chardonnay Brut"}]},{"@type":"WebSite","@id":"https:\/\/collivaibo.it\/#website","url":"https:\/\/collivaibo.it\/","name":"Colli Vai Bo","description":"","publisher":{"@id":"https:\/\/collivaibo.it\/#organization"},"potentialAction":[{"@type":"SearchAction","target":{"@type":"EntryPoint","urlTemplate":"https:\/\/collivaibo.it\/?s={search_term_string}"},"query-input":{"@type":"PropertyValueSpecification","valueRequired":true,"valueName":"search_term_string"}}],"inLanguage":"de"},{"@type":"Organization","@id":"https:\/\/collivaibo.it\/#organization","name":"Colli Vai Bo","url":"https:\/\/collivaibo.it\/","logo":{"@type":"ImageObject","inLanguage":"de","@id":"https:\/\/collivaibo.it\/#\/schema\/logo\/image\/","url":"https:\/\/collivaibo.it\/wp-content\/uploads\/2021\/07\/cropped-Logo-trasparente-1.png","contentUrl":"https:\/\/collivaibo.it\/wp-content\/uploads\/2021\/07\/cropped-Logo-trasparente-1.png","width":775,"height":367,"caption":"Colli Vai Bo"},"image":{"@id":"https:\/\/collivaibo.it\/#\/schema\/logo\/image\/"}}]}},"_links":{"self":[{"href":"https:\/\/collivaibo.it\/de\/wp-json\/wp\/v2\/product\/7884","targetHints":{"allow":["GET"]}}],"collection":[{"href":"https:\/\/collivaibo.it\/de\/wp-json\/wp\/v2\/product"}],"about":[{"href":"https:\/\/collivaibo.it\/de\/wp-json\/wp\/v2\/types\/product"}],"replies":[{"embeddable":true,"href":"https:\/\/collivaibo.it\/de\/wp-json\/wp\/v2\/comments?post=7884"}],"wp:featuredmedia":[{"embeddable":true,"href":"https:\/\/collivaibo.it\/de\/wp-json\/wp\/v2\/media\/7795"}],"wp:attachment":[{"href":"https:\/\/collivaibo.it\/de\/wp-json\/wp\/v2\/media?parent=7884"}],"wp:term":[{"taxonomy":"product_cat","embeddable":true,"href":"https:\/\/collivaibo.it\/de\/wp-json\/wp\/v2\/product_cat?post=7884"},{"taxonomy":"product_tag","embeddable":true,"href":"https:\/\/collivaibo.it\/de\/wp-json\/wp\/v2\/product_tag?post=7884"}],"curies":[{"name":"wp","href":"https:\/\/api.w.org\/{rel}","templated":true}]}}