{"id":7885,"date":"2023-03-22T16:31:08","date_gmt":"2023-03-22T15:31:08","guid":{"rendered":"https:\/\/collivaibo.it\/prodotto\/cabernet-sauvignon-doc\/"},"modified":"2025-04-27T15:10:50","modified_gmt":"2025-04-27T14:10:50","slug":"cabernet-sauvignon-doc","status":"publish","type":"product","link":"https:\/\/collivaibo.it\/de\/prodotto\/cabernet-sauvignon-doc\/","title":{"rendered":"Garda Cabernet Sauvignon Doc"},"content":{"rendered":"","protected":false},"excerpt":{"rendered":"<p><strong>Jahrgang<\/strong><\/p>\n<div class=\"info portfolio_single_custom_field\">2023<\/div>\n<div><\/div>\n<div class=\"info portfolio_single_custom_field\"><strong>Traubenmischung<\/strong><\/div>\n<div><\/div>\n<div class=\"info portfolio_single_custom_field\">CABERNET SAUVIGNON<\/div>\n<div><\/div>\n<div class=\"info portfolio_single_custom_field\">\n<p class=\"info_section_title\"><strong>Weinberg<\/strong><\/p>\n<p>Die Reberziehung erfolgt nach dem System der Einfachen Bogenerziehung. Die Bepflanzungsdichte liegt bei 4.000 Rebst\u00f6cken pro Hektar und die Produktion betr\u00e4gt etwa 3 Kg pro Pflanze. Der Boden ist mor\u00e4nischen Ursprungs und das Anbaugebiet befindet sich s\u00fcdlich des Gardasees, wo die Rebreihen von Norden nach S\u00fcden ausgerichtet sind. Die Weinlese erfolgt von Hand<\/p>\n<\/div>\n<div class=\"info portfolio_single_custom_field\">\n<p class=\"info_section_title\"><strong>Weinherstellung<\/strong><\/p>\n<p>Die frisch gelesenen Trauben werden direkt gepresst. Die Pressung erfolgt sanft, so dass nur der reichhaltigste und wertvollste Teil des Mostes, der sogenannte Bl\u00fctenmost, gewonnen werden kann. Er wird bei kontrollierter Temperatur f\u00fcr die Dauer des Prozesses, die etwa 7 \u2013 10 Tage betr\u00e4gt, vergoren.<\/p>\n<\/div>\n<div class=\"info portfolio_single_custom_field\">\n<p class=\"info_section_title\"><strong>Ausbau<\/strong><\/p>\n<p>Der Chiaretto bleibt durch die Batonnage f\u00fcr ca. 4 Monate mit der Feinhefe in Kontakt. Nach der Abf\u00fcllung wird er noch etwa einen Monat in der Flasche verfeinert, bevor er verkauft wird.<\/p>\n<\/div>\n<div class=\"info portfolio_single_custom_field\">\n<p class=\"info_section_title\"><strong>Organoleptische Eigenschaften<\/strong><\/p>\n<p>Der Chiaretto ist von einer leuchtend rosafarbener Farbe mit violetten Reflexen gekennzeichnet. In der Nase duftet er nach Rosenbl\u00e4ttern und Lavendel. Am Gaumen ist er dank seiner akzentuierten Saftigkeit, die typisch f\u00fcr die Mor\u00e4nenb\u00f6den in der N\u00e4he des Gardasees ist, angenehm delikat. Das Ergebnis ist ein fruchtiger Wein mit Noten von rosa Grapefruit, schwarzer Kirsche und roter Johannisbeere.<\/p>\n<\/div>\n<div class=\"info portfolio_single_custom_field\">\n<p class=\"info_section_title\"><strong>Passt gut zu\u2026<\/strong><\/p>\n<p>Ein angenehmer Wein, der gut zu verschiedenen Fischgerichten und Gem\u00fcse passt. Ausgezeichnet auch als Aperitifwein und zu Pizza.<\/p>\n<\/div>\n<div class=\"info portfolio_single_categories\">\n<p class=\"info_section_title\"><strong>Alkoholgehalt<\/strong><\/p>\n<p class=\"info_section_title\">13\u00b0<\/p>\n<p class=\"info_section_title\"><strong>Format<\/strong><\/p>\n<p class=\"info_section_title\">0,75-Liter-Flasche<\/p>\n<p class=\"info_section_title\"><strong>Enth\u00e4lt Sulfite<\/strong><\/p>\n<p class=\"info_section_title\"><strong>Kategorie<\/strong><\/p>\n<p class=\"info_section_title\">Rot<\/p>\n<p>In Italien hergestellter Wein<\/p>\n<\/div>\n","protected":false},"featured_media":7787,"comment_status":"closed","ping_status":"closed","template":"","meta":{"inline_featured_image":false},"product_cat":[99],"product_tag":[],"class_list":{"0":"post-7885","1":"product","2":"type-product","3":"status-publish","4":"has-post-thumbnail","6":"product_cat-rossi-de","8":"first","9":"instock","10":"shipping-taxable","11":"purchasable","12":"product-type-simple"},"yoast_head":"<!-- This site is optimized with the Yoast SEO plugin v27.1.1 - https:\/\/yoast.com\/product\/yoast-seo-wordpress\/ -->\n<title>Garda Cabernet Sauvignon Doc - Colli Vai Bo<\/title>\n<meta name=\"robots\" content=\"index, follow, max-snippet:-1, max-image-preview:large, max-video-preview:-1\" \/>\n<link rel=\"canonical\" href=\"https:\/\/collivaibo.it\/de\/prodotto\/cabernet-sauvignon-doc\/\" \/>\n<meta property=\"og:locale\" content=\"de_DE\" \/>\n<meta property=\"og:type\" content=\"article\" \/>\n<meta property=\"og:title\" content=\"Garda Cabernet Sauvignon Doc - Colli Vai Bo\" \/>\n<meta property=\"og:description\" content=\"Jahrgang 2023  Traubenmischung  CABERNET SAUVIGNON   Weinberg Die Reberziehung erfolgt nach dem System der Einfachen Bogenerziehung. Die Bepflanzungsdichte liegt bei 4.000 Rebst\u00f6cken pro Hektar und die Produktion betr\u00e4gt etwa 3 Kg pro Pflanze. Der Boden ist mor\u00e4nischen Ursprungs und das Anbaugebiet befindet sich s\u00fcdlich des Gardasees, wo die Rebreihen von Norden nach S\u00fcden ausgerichtet sind. Die Weinlese erfolgt von Hand    Weinherstellung Die frisch gelesenen Trauben werden direkt gepresst. Die Pressung erfolgt sanft, so dass nur der reichhaltigste und wertvollste Teil des Mostes, der sogenannte Bl\u00fctenmost, gewonnen werden kann. Er wird bei kontrollierter Temperatur f\u00fcr die Dauer des Prozesses, die etwa 7 \u2013 10 Tage betr\u00e4gt, vergoren.    Ausbau Der Chiaretto bleibt durch die Batonnage f\u00fcr ca. 4 Monate mit der Feinhefe in Kontakt. Nach der Abf\u00fcllung wird er noch etwa einen Monat in der Flasche verfeinert, bevor er verkauft wird.    Organoleptische Eigenschaften Der Chiaretto ist von einer leuchtend rosafarbener Farbe mit violetten Reflexen gekennzeichnet. In der Nase duftet er nach Rosenbl\u00e4ttern und Lavendel. Am Gaumen ist er dank seiner akzentuierten Saftigkeit, die typisch f\u00fcr die Mor\u00e4nenb\u00f6den in der N\u00e4he des Gardasees ist, angenehm delikat. Das Ergebnis ist ein fruchtiger Wein mit Noten von rosa Grapefruit, schwarzer Kirsche und roter Johannisbeere.    Passt gut zu\u2026 Ein angenehmer Wein, der gut zu verschiedenen Fischgerichten und Gem\u00fcse passt. Ausgezeichnet auch als Aperitifwein und zu Pizza.    Alkoholgehalt 13\u00b0 Format 0,75-Liter-Flasche Enth\u00e4lt Sulfite Kategorie Rot In Italien hergestellter Wein\" \/>\n<meta property=\"og:url\" content=\"https:\/\/collivaibo.it\/de\/prodotto\/cabernet-sauvignon-doc\/\" \/>\n<meta property=\"og:site_name\" content=\"Colli Vai Bo\" \/>\n<meta property=\"article:modified_time\" content=\"2025-04-27T14:10:50+00:00\" \/>\n<meta property=\"og:image\" content=\"https:\/\/collivaibo.it\/wp-content\/uploads\/2021\/07\/Cabernet-Sauvignon-2.png\" \/>\n\t<meta property=\"og:image:width\" content=\"600\" \/>\n\t<meta property=\"og:image:height\" content=\"700\" \/>\n\t<meta property=\"og:image:type\" content=\"image\/png\" \/>\n<meta name=\"twitter:card\" content=\"summary_large_image\" \/>\n<script type=\"application\/ld+json\" class=\"yoast-schema-graph\">{\"@context\":\"https:\/\/schema.org\",\"@graph\":[{\"@type\":\"WebPage\",\"@id\":\"https:\/\/collivaibo.it\/de\/prodotto\/cabernet-sauvignon-doc\/\",\"url\":\"https:\/\/collivaibo.it\/de\/prodotto\/cabernet-sauvignon-doc\/\",\"name\":\"Garda Cabernet Sauvignon Doc - Colli Vai Bo\",\"isPartOf\":{\"@id\":\"https:\/\/collivaibo.it\/#website\"},\"primaryImageOfPage\":{\"@id\":\"https:\/\/collivaibo.it\/de\/prodotto\/cabernet-sauvignon-doc\/#primaryimage\"},\"image\":{\"@id\":\"https:\/\/collivaibo.it\/de\/prodotto\/cabernet-sauvignon-doc\/#primaryimage\"},\"thumbnailUrl\":\"https:\/\/collivaibo.it\/wp-content\/uploads\/2021\/07\/Cabernet-Sauvignon-2.png\",\"datePublished\":\"2023-03-22T15:31:08+00:00\",\"dateModified\":\"2025-04-27T14:10:50+00:00\",\"breadcrumb\":{\"@id\":\"https:\/\/collivaibo.it\/de\/prodotto\/cabernet-sauvignon-doc\/#breadcrumb\"},\"inLanguage\":\"de\",\"potentialAction\":[{\"@type\":\"ReadAction\",\"target\":[\"https:\/\/collivaibo.it\/de\/prodotto\/cabernet-sauvignon-doc\/\"]}]},{\"@type\":\"ImageObject\",\"inLanguage\":\"de\",\"@id\":\"https:\/\/collivaibo.it\/de\/prodotto\/cabernet-sauvignon-doc\/#primaryimage\",\"url\":\"https:\/\/collivaibo.it\/wp-content\/uploads\/2021\/07\/Cabernet-Sauvignon-2.png\",\"contentUrl\":\"https:\/\/collivaibo.it\/wp-content\/uploads\/2021\/07\/Cabernet-Sauvignon-2.png\",\"width\":600,\"height\":700},{\"@type\":\"BreadcrumbList\",\"@id\":\"https:\/\/collivaibo.it\/de\/prodotto\/cabernet-sauvignon-doc\/#breadcrumb\",\"itemListElement\":[{\"@type\":\"ListItem\",\"position\":1,\"name\":\"Home\",\"item\":\"https:\/\/collivaibo.it\/de\/\"},{\"@type\":\"ListItem\",\"position\":2,\"name\":\"Shop\",\"item\":\"https:\/\/collivaibo.it\/de\/?page_id=7717\"},{\"@type\":\"ListItem\",\"position\":3,\"name\":\"Garda Cabernet Sauvignon Doc\"}]},{\"@type\":\"WebSite\",\"@id\":\"https:\/\/collivaibo.it\/#website\",\"url\":\"https:\/\/collivaibo.it\/\",\"name\":\"Colli Vai Bo\",\"description\":\"\",\"publisher\":{\"@id\":\"https:\/\/collivaibo.it\/#organization\"},\"potentialAction\":[{\"@type\":\"SearchAction\",\"target\":{\"@type\":\"EntryPoint\",\"urlTemplate\":\"https:\/\/collivaibo.it\/?s={search_term_string}\"},\"query-input\":{\"@type\":\"PropertyValueSpecification\",\"valueRequired\":true,\"valueName\":\"search_term_string\"}}],\"inLanguage\":\"de\"},{\"@type\":\"Organization\",\"@id\":\"https:\/\/collivaibo.it\/#organization\",\"name\":\"Colli Vai Bo\",\"url\":\"https:\/\/collivaibo.it\/\",\"logo\":{\"@type\":\"ImageObject\",\"inLanguage\":\"de\",\"@id\":\"https:\/\/collivaibo.it\/#\/schema\/logo\/image\/\",\"url\":\"https:\/\/collivaibo.it\/wp-content\/uploads\/2021\/07\/cropped-Logo-trasparente-1.png\",\"contentUrl\":\"https:\/\/collivaibo.it\/wp-content\/uploads\/2021\/07\/cropped-Logo-trasparente-1.png\",\"width\":775,\"height\":367,\"caption\":\"Colli Vai Bo\"},\"image\":{\"@id\":\"https:\/\/collivaibo.it\/#\/schema\/logo\/image\/\"}}]}<\/script>\n<!-- \/ Yoast SEO plugin. -->","yoast_head_json":{"title":"Garda Cabernet Sauvignon Doc - Colli Vai Bo","robots":{"index":"index","follow":"follow","max-snippet":"max-snippet:-1","max-image-preview":"max-image-preview:large","max-video-preview":"max-video-preview:-1"},"canonical":"https:\/\/collivaibo.it\/de\/prodotto\/cabernet-sauvignon-doc\/","og_locale":"de_DE","og_type":"article","og_title":"Garda Cabernet Sauvignon Doc - Colli Vai Bo","og_description":"Jahrgang 2023  Traubenmischung  CABERNET SAUVIGNON   Weinberg Die Reberziehung erfolgt nach dem System der Einfachen Bogenerziehung. Die Bepflanzungsdichte liegt bei 4.000 Rebst\u00f6cken pro Hektar und die Produktion betr\u00e4gt etwa 3 Kg pro Pflanze. Der Boden ist mor\u00e4nischen Ursprungs und das Anbaugebiet befindet sich s\u00fcdlich des Gardasees, wo die Rebreihen von Norden nach S\u00fcden ausgerichtet sind. Die Weinlese erfolgt von Hand    Weinherstellung Die frisch gelesenen Trauben werden direkt gepresst. Die Pressung erfolgt sanft, so dass nur der reichhaltigste und wertvollste Teil des Mostes, der sogenannte Bl\u00fctenmost, gewonnen werden kann. Er wird bei kontrollierter Temperatur f\u00fcr die Dauer des Prozesses, die etwa 7 \u2013 10 Tage betr\u00e4gt, vergoren.    Ausbau Der Chiaretto bleibt durch die Batonnage f\u00fcr ca. 4 Monate mit der Feinhefe in Kontakt. Nach der Abf\u00fcllung wird er noch etwa einen Monat in der Flasche verfeinert, bevor er verkauft wird.    Organoleptische Eigenschaften Der Chiaretto ist von einer leuchtend rosafarbener Farbe mit violetten Reflexen gekennzeichnet. In der Nase duftet er nach Rosenbl\u00e4ttern und Lavendel. Am Gaumen ist er dank seiner akzentuierten Saftigkeit, die typisch f\u00fcr die Mor\u00e4nenb\u00f6den in der N\u00e4he des Gardasees ist, angenehm delikat. Das Ergebnis ist ein fruchtiger Wein mit Noten von rosa Grapefruit, schwarzer Kirsche und roter Johannisbeere.    Passt gut zu\u2026 Ein angenehmer Wein, der gut zu verschiedenen Fischgerichten und Gem\u00fcse passt. Ausgezeichnet auch als Aperitifwein und zu Pizza.    Alkoholgehalt 13\u00b0 Format 0,75-Liter-Flasche Enth\u00e4lt Sulfite Kategorie Rot In Italien hergestellter Wein","og_url":"https:\/\/collivaibo.it\/de\/prodotto\/cabernet-sauvignon-doc\/","og_site_name":"Colli Vai Bo","article_modified_time":"2025-04-27T14:10:50+00:00","og_image":[{"width":600,"height":700,"url":"https:\/\/collivaibo.it\/wp-content\/uploads\/2021\/07\/Cabernet-Sauvignon-2.png","type":"image\/png"}],"twitter_card":"summary_large_image","schema":{"@context":"https:\/\/schema.org","@graph":[{"@type":"WebPage","@id":"https:\/\/collivaibo.it\/de\/prodotto\/cabernet-sauvignon-doc\/","url":"https:\/\/collivaibo.it\/de\/prodotto\/cabernet-sauvignon-doc\/","name":"Garda Cabernet Sauvignon Doc - Colli Vai Bo","isPartOf":{"@id":"https:\/\/collivaibo.it\/#website"},"primaryImageOfPage":{"@id":"https:\/\/collivaibo.it\/de\/prodotto\/cabernet-sauvignon-doc\/#primaryimage"},"image":{"@id":"https:\/\/collivaibo.it\/de\/prodotto\/cabernet-sauvignon-doc\/#primaryimage"},"thumbnailUrl":"https:\/\/collivaibo.it\/wp-content\/uploads\/2021\/07\/Cabernet-Sauvignon-2.png","datePublished":"2023-03-22T15:31:08+00:00","dateModified":"2025-04-27T14:10:50+00:00","breadcrumb":{"@id":"https:\/\/collivaibo.it\/de\/prodotto\/cabernet-sauvignon-doc\/#breadcrumb"},"inLanguage":"de","potentialAction":[{"@type":"ReadAction","target":["https:\/\/collivaibo.it\/de\/prodotto\/cabernet-sauvignon-doc\/"]}]},{"@type":"ImageObject","inLanguage":"de","@id":"https:\/\/collivaibo.it\/de\/prodotto\/cabernet-sauvignon-doc\/#primaryimage","url":"https:\/\/collivaibo.it\/wp-content\/uploads\/2021\/07\/Cabernet-Sauvignon-2.png","contentUrl":"https:\/\/collivaibo.it\/wp-content\/uploads\/2021\/07\/Cabernet-Sauvignon-2.png","width":600,"height":700},{"@type":"BreadcrumbList","@id":"https:\/\/collivaibo.it\/de\/prodotto\/cabernet-sauvignon-doc\/#breadcrumb","itemListElement":[{"@type":"ListItem","position":1,"name":"Home","item":"https:\/\/collivaibo.it\/de\/"},{"@type":"ListItem","position":2,"name":"Shop","item":"https:\/\/collivaibo.it\/de\/?page_id=7717"},{"@type":"ListItem","position":3,"name":"Garda Cabernet Sauvignon Doc"}]},{"@type":"WebSite","@id":"https:\/\/collivaibo.it\/#website","url":"https:\/\/collivaibo.it\/","name":"Colli Vai Bo","description":"","publisher":{"@id":"https:\/\/collivaibo.it\/#organization"},"potentialAction":[{"@type":"SearchAction","target":{"@type":"EntryPoint","urlTemplate":"https:\/\/collivaibo.it\/?s={search_term_string}"},"query-input":{"@type":"PropertyValueSpecification","valueRequired":true,"valueName":"search_term_string"}}],"inLanguage":"de"},{"@type":"Organization","@id":"https:\/\/collivaibo.it\/#organization","name":"Colli Vai Bo","url":"https:\/\/collivaibo.it\/","logo":{"@type":"ImageObject","inLanguage":"de","@id":"https:\/\/collivaibo.it\/#\/schema\/logo\/image\/","url":"https:\/\/collivaibo.it\/wp-content\/uploads\/2021\/07\/cropped-Logo-trasparente-1.png","contentUrl":"https:\/\/collivaibo.it\/wp-content\/uploads\/2021\/07\/cropped-Logo-trasparente-1.png","width":775,"height":367,"caption":"Colli Vai Bo"},"image":{"@id":"https:\/\/collivaibo.it\/#\/schema\/logo\/image\/"}}]}},"_links":{"self":[{"href":"https:\/\/collivaibo.it\/de\/wp-json\/wp\/v2\/product\/7885","targetHints":{"allow":["GET"]}}],"collection":[{"href":"https:\/\/collivaibo.it\/de\/wp-json\/wp\/v2\/product"}],"about":[{"href":"https:\/\/collivaibo.it\/de\/wp-json\/wp\/v2\/types\/product"}],"replies":[{"embeddable":true,"href":"https:\/\/collivaibo.it\/de\/wp-json\/wp\/v2\/comments?post=7885"}],"wp:featuredmedia":[{"embeddable":true,"href":"https:\/\/collivaibo.it\/de\/wp-json\/wp\/v2\/media\/7787"}],"wp:attachment":[{"href":"https:\/\/collivaibo.it\/de\/wp-json\/wp\/v2\/media?parent=7885"}],"wp:term":[{"taxonomy":"product_cat","embeddable":true,"href":"https:\/\/collivaibo.it\/de\/wp-json\/wp\/v2\/product_cat?post=7885"},{"taxonomy":"product_tag","embeddable":true,"href":"https:\/\/collivaibo.it\/de\/wp-json\/wp\/v2\/product_tag?post=7885"}],"curies":[{"name":"wp","href":"https:\/\/api.w.org\/{rel}","templated":true}]}}