{"id":7887,"date":"2023-03-22T16:33:22","date_gmt":"2023-03-22T15:33:22","guid":{"rendered":"https:\/\/collivaibo.it\/prodotto\/garda-classico-chiaretto\/"},"modified":"2025-05-01T10:34:35","modified_gmt":"2025-05-01T09:34:35","slug":"garda-classico-chiaretto","status":"publish","type":"product","link":"https:\/\/collivaibo.it\/de\/prodotto\/garda-classico-chiaretto\/","title":{"rendered":"Riviera del Garda Classico Chiaretto DOC"},"content":{"rendered":"","protected":false},"excerpt":{"rendered":"<p><strong><span class=\"s2\">Jahrgang<\/span><\/strong><\/p>\n<p><span class=\"s2\">2023<\/span><\/p>\n<p><strong><span class=\"s2\">Traubenmischung<\/span><\/strong><\/p>\n<p><span class=\"s2\">65% Groppello &#8211; 25% Marzemino &#8211; 10% Cabernet Sauvignon<\/span><\/p>\n<p><strong><span class=\"s2\">Weinberg<\/span><\/strong><\/p>\n<p class=\"p3\"><span class=\"s2\">Die Reberziehung erfolgt nach dem System der Einfachen Bogenerziehung. Die Bepflanzungsdichte liegt bei 4.000 Rebst\u00f6cken pro Hektar und die Produktion betr\u00e4gt etwa 3 Kg pro Pflanze. Der Boden ist mor\u00e4nischen Ursprungs und das Anbaugebiet befindet sich s\u00fcdlich des Gardasees, wo die Rebreihen von Norden nach S\u00fcden ausgerichtet sind. Die Weinlese erfolgt von Hand<\/span><\/p>\n<p><strong><span class=\"s2\">Weinherstellung<\/span><\/strong><\/p>\n<p class=\"p4\"><span class=\"s2\">Die frisch gelesenen Trauben werden direkt gepresst. Die Pressung erfolgt sanft, so dass nur der reichhaltigste und wertvollste Teil des Mostes, der sogenannte Bl\u00fctenmost, gewonnen werden kann. Er wird bei kontrollierter Temperatur f\u00fcr die Dauer des Prozesses, die etwa 7 \u2013 10 Tage betr\u00e4gt, vergoren.<\/span><\/p>\n<p><strong><span class=\"s2\">Ausbau<\/span><\/strong><\/p>\n<p class=\"p4\"><span class=\"s2\">Der Chiaretto bleibt durch die Batonnage f\u00fcr ca. 4 Monate mit der Feinhefe in Kontakt. Nach der Abf\u00fcllung wird er noch etwa einen Monat in der Flasche verfeinert, bevor er verkauft wird.<\/span><\/p>\n<p><strong><span class=\"s2\">Organoleptische Eigenschaften<\/span><\/strong><\/p>\n<p class=\"p4\"><span class=\"s2\">Der Chiaretto ist von einer leuchtend rosafarbener Farbe mit violetten Reflexen gekennzeichnet. In der Nase duftet er nach Rosenbl\u00e4ttern und Lavendel. Am Gaumen ist er dank seiner akzentuierten Saftigkeit, die typisch f\u00fcr die Mor\u00e4nenb\u00f6den in der N\u00e4he des Gardasees ist, angenehm delikat. Das Ergebnis ist ein fruchtiger Wein mit Noten von rosa Grapefruit, schwarzer Kirsche und roter Johannisbeere.<\/span><\/p>\n<p><strong><span class=\"s2\">Passt gut zu\u2026<\/span><\/strong><\/p>\n<p class=\"p4\"><span class=\"s2\">Ein angenehmer Wein, der gut zu verschiedenen Fischgerichten und Gem\u00fcse passt. Ausgezeichnet auch als Aperitifwein und zu Pizza.<\/span><\/p>\n<p><strong>Alkoholgehalt<\/strong><\/p>\n<p>12,5\u00b0<\/p>\n<p><strong>Format<\/strong><\/p>\n<p>0,75-Liter-Flasche<\/p>\n<p><strong>Enth\u00e4lt Sulfite<\/strong><\/p>\n<p>In Italien hergestellter Wein<\/p>\n<p><a href=\"https:\/\/id.piu-info.it\/bf5fd8e9-2059-416d-82a7-33ab6fed43c0\"><strong>Klicke hier und entdecke die Energie- und N\u00e4hrwerte<\/strong><\/a><\/p>\n","protected":false},"featured_media":7847,"comment_status":"closed","ping_status":"closed","template":"","meta":{"inline_featured_image":false},"product_cat":[100],"product_tag":[],"class_list":{"0":"post-7887","1":"product","2":"type-product","3":"status-publish","4":"has-post-thumbnail","6":"product_cat-rosati-de","8":"first","9":"instock","10":"shipping-taxable","11":"purchasable","12":"product-type-simple"},"yoast_head":"<!-- This site is optimized with the Yoast SEO plugin v27.1.1 - https:\/\/yoast.com\/product\/yoast-seo-wordpress\/ -->\n<title>Riviera del Garda Classico Chiaretto DOC - Colli Vai Bo<\/title>\n<meta name=\"robots\" content=\"index, follow, max-snippet:-1, max-image-preview:large, max-video-preview:-1\" \/>\n<link rel=\"canonical\" href=\"https:\/\/collivaibo.it\/de\/prodotto\/garda-classico-chiaretto\/\" \/>\n<meta property=\"og:locale\" content=\"de_DE\" \/>\n<meta property=\"og:type\" content=\"article\" \/>\n<meta property=\"og:title\" content=\"Riviera del Garda Classico Chiaretto DOC - Colli Vai Bo\" \/>\n<meta property=\"og:description\" content=\"Jahrgang  2023  Traubenmischung  65% Groppello - 25% Marzemino - 10% Cabernet Sauvignon  Weinberg Die Reberziehung erfolgt nach dem System der Einfachen Bogenerziehung. Die Bepflanzungsdichte liegt bei 4.000 Rebst\u00f6cken pro Hektar und die Produktion betr\u00e4gt etwa 3 Kg pro Pflanze. Der Boden ist mor\u00e4nischen Ursprungs und das Anbaugebiet befindet sich s\u00fcdlich des Gardasees, wo die Rebreihen von Norden nach S\u00fcden ausgerichtet sind. Die Weinlese erfolgt von Hand Weinherstellung Die frisch gelesenen Trauben werden direkt gepresst. Die Pressung erfolgt sanft, so dass nur der reichhaltigste und wertvollste Teil des Mostes, der sogenannte Bl\u00fctenmost, gewonnen werden kann. Er wird bei kontrollierter Temperatur f\u00fcr die Dauer des Prozesses, die etwa 7 \u2013 10 Tage betr\u00e4gt, vergoren. Ausbau Der Chiaretto bleibt durch die Batonnage f\u00fcr ca. 4 Monate mit der Feinhefe in Kontakt. Nach der Abf\u00fcllung wird er noch etwa einen Monat in der Flasche verfeinert, bevor er verkauft wird. Organoleptische Eigenschaften Der Chiaretto ist von einer leuchtend rosafarbener Farbe mit violetten Reflexen gekennzeichnet. In der Nase duftet er nach Rosenbl\u00e4ttern und Lavendel. Am Gaumen ist er dank seiner akzentuierten Saftigkeit, die typisch f\u00fcr die Mor\u00e4nenb\u00f6den in der N\u00e4he des Gardasees ist, angenehm delikat. Das Ergebnis ist ein fruchtiger Wein mit Noten von rosa Grapefruit, schwarzer Kirsche und roter Johannisbeere. Passt gut zu\u2026 Ein angenehmer Wein, der gut zu verschiedenen Fischgerichten und Gem\u00fcse passt. Ausgezeichnet auch als Aperitifwein und zu Pizza. Alkoholgehalt  12,5\u00b0  Format  0,75-Liter-Flasche  Enth\u00e4lt Sulfite  In Italien hergestellter Wein  Klicke hier und entdecke die Energie- und N\u00e4hrwerte\" \/>\n<meta property=\"og:url\" content=\"https:\/\/collivaibo.it\/de\/prodotto\/garda-classico-chiaretto\/\" \/>\n<meta property=\"og:site_name\" content=\"Colli Vai Bo\" \/>\n<meta property=\"article:modified_time\" content=\"2025-05-01T09:34:35+00:00\" \/>\n<meta property=\"og:image\" content=\"https:\/\/collivaibo.it\/wp-content\/uploads\/2021\/07\/Chiaretto-Doc.png\" \/>\n\t<meta property=\"og:image:width\" content=\"600\" \/>\n\t<meta property=\"og:image:height\" content=\"700\" \/>\n\t<meta property=\"og:image:type\" content=\"image\/png\" \/>\n<meta name=\"twitter:card\" content=\"summary_large_image\" \/>\n<script type=\"application\/ld+json\" class=\"yoast-schema-graph\">{\"@context\":\"https:\/\/schema.org\",\"@graph\":[{\"@type\":\"WebPage\",\"@id\":\"https:\/\/collivaibo.it\/de\/prodotto\/garda-classico-chiaretto\/\",\"url\":\"https:\/\/collivaibo.it\/de\/prodotto\/garda-classico-chiaretto\/\",\"name\":\"Riviera del Garda Classico Chiaretto DOC - Colli Vai Bo\",\"isPartOf\":{\"@id\":\"https:\/\/collivaibo.it\/#website\"},\"primaryImageOfPage\":{\"@id\":\"https:\/\/collivaibo.it\/de\/prodotto\/garda-classico-chiaretto\/#primaryimage\"},\"image\":{\"@id\":\"https:\/\/collivaibo.it\/de\/prodotto\/garda-classico-chiaretto\/#primaryimage\"},\"thumbnailUrl\":\"https:\/\/collivaibo.it\/wp-content\/uploads\/2021\/07\/Chiaretto-Doc.png\",\"datePublished\":\"2023-03-22T15:33:22+00:00\",\"dateModified\":\"2025-05-01T09:34:35+00:00\",\"breadcrumb\":{\"@id\":\"https:\/\/collivaibo.it\/de\/prodotto\/garda-classico-chiaretto\/#breadcrumb\"},\"inLanguage\":\"de\",\"potentialAction\":[{\"@type\":\"ReadAction\",\"target\":[\"https:\/\/collivaibo.it\/de\/prodotto\/garda-classico-chiaretto\/\"]}]},{\"@type\":\"ImageObject\",\"inLanguage\":\"de\",\"@id\":\"https:\/\/collivaibo.it\/de\/prodotto\/garda-classico-chiaretto\/#primaryimage\",\"url\":\"https:\/\/collivaibo.it\/wp-content\/uploads\/2021\/07\/Chiaretto-Doc.png\",\"contentUrl\":\"https:\/\/collivaibo.it\/wp-content\/uploads\/2021\/07\/Chiaretto-Doc.png\",\"width\":600,\"height\":700},{\"@type\":\"BreadcrumbList\",\"@id\":\"https:\/\/collivaibo.it\/de\/prodotto\/garda-classico-chiaretto\/#breadcrumb\",\"itemListElement\":[{\"@type\":\"ListItem\",\"position\":1,\"name\":\"Home\",\"item\":\"https:\/\/collivaibo.it\/de\/\"},{\"@type\":\"ListItem\",\"position\":2,\"name\":\"Shop\",\"item\":\"https:\/\/collivaibo.it\/de\/?page_id=7717\"},{\"@type\":\"ListItem\",\"position\":3,\"name\":\"Riviera del Garda Classico Chiaretto DOC\"}]},{\"@type\":\"WebSite\",\"@id\":\"https:\/\/collivaibo.it\/#website\",\"url\":\"https:\/\/collivaibo.it\/\",\"name\":\"Colli Vai Bo\",\"description\":\"\",\"publisher\":{\"@id\":\"https:\/\/collivaibo.it\/#organization\"},\"potentialAction\":[{\"@type\":\"SearchAction\",\"target\":{\"@type\":\"EntryPoint\",\"urlTemplate\":\"https:\/\/collivaibo.it\/?s={search_term_string}\"},\"query-input\":{\"@type\":\"PropertyValueSpecification\",\"valueRequired\":true,\"valueName\":\"search_term_string\"}}],\"inLanguage\":\"de\"},{\"@type\":\"Organization\",\"@id\":\"https:\/\/collivaibo.it\/#organization\",\"name\":\"Colli Vai Bo\",\"url\":\"https:\/\/collivaibo.it\/\",\"logo\":{\"@type\":\"ImageObject\",\"inLanguage\":\"de\",\"@id\":\"https:\/\/collivaibo.it\/#\/schema\/logo\/image\/\",\"url\":\"https:\/\/collivaibo.it\/wp-content\/uploads\/2021\/07\/cropped-Logo-trasparente-1.png\",\"contentUrl\":\"https:\/\/collivaibo.it\/wp-content\/uploads\/2021\/07\/cropped-Logo-trasparente-1.png\",\"width\":775,\"height\":367,\"caption\":\"Colli Vai Bo\"},\"image\":{\"@id\":\"https:\/\/collivaibo.it\/#\/schema\/logo\/image\/\"}}]}<\/script>\n<!-- \/ Yoast SEO plugin. -->","yoast_head_json":{"title":"Riviera del Garda Classico Chiaretto DOC - Colli Vai Bo","robots":{"index":"index","follow":"follow","max-snippet":"max-snippet:-1","max-image-preview":"max-image-preview:large","max-video-preview":"max-video-preview:-1"},"canonical":"https:\/\/collivaibo.it\/de\/prodotto\/garda-classico-chiaretto\/","og_locale":"de_DE","og_type":"article","og_title":"Riviera del Garda Classico Chiaretto DOC - Colli Vai Bo","og_description":"Jahrgang  2023  Traubenmischung  65% Groppello - 25% Marzemino - 10% Cabernet Sauvignon  Weinberg Die Reberziehung erfolgt nach dem System der Einfachen Bogenerziehung. Die Bepflanzungsdichte liegt bei 4.000 Rebst\u00f6cken pro Hektar und die Produktion betr\u00e4gt etwa 3 Kg pro Pflanze. Der Boden ist mor\u00e4nischen Ursprungs und das Anbaugebiet befindet sich s\u00fcdlich des Gardasees, wo die Rebreihen von Norden nach S\u00fcden ausgerichtet sind. Die Weinlese erfolgt von Hand Weinherstellung Die frisch gelesenen Trauben werden direkt gepresst. Die Pressung erfolgt sanft, so dass nur der reichhaltigste und wertvollste Teil des Mostes, der sogenannte Bl\u00fctenmost, gewonnen werden kann. Er wird bei kontrollierter Temperatur f\u00fcr die Dauer des Prozesses, die etwa 7 \u2013 10 Tage betr\u00e4gt, vergoren. Ausbau Der Chiaretto bleibt durch die Batonnage f\u00fcr ca. 4 Monate mit der Feinhefe in Kontakt. Nach der Abf\u00fcllung wird er noch etwa einen Monat in der Flasche verfeinert, bevor er verkauft wird. Organoleptische Eigenschaften Der Chiaretto ist von einer leuchtend rosafarbener Farbe mit violetten Reflexen gekennzeichnet. In der Nase duftet er nach Rosenbl\u00e4ttern und Lavendel. Am Gaumen ist er dank seiner akzentuierten Saftigkeit, die typisch f\u00fcr die Mor\u00e4nenb\u00f6den in der N\u00e4he des Gardasees ist, angenehm delikat. Das Ergebnis ist ein fruchtiger Wein mit Noten von rosa Grapefruit, schwarzer Kirsche und roter Johannisbeere. Passt gut zu\u2026 Ein angenehmer Wein, der gut zu verschiedenen Fischgerichten und Gem\u00fcse passt. Ausgezeichnet auch als Aperitifwein und zu Pizza. Alkoholgehalt  12,5\u00b0  Format  0,75-Liter-Flasche  Enth\u00e4lt Sulfite  In Italien hergestellter Wein  Klicke hier und entdecke die Energie- und N\u00e4hrwerte","og_url":"https:\/\/collivaibo.it\/de\/prodotto\/garda-classico-chiaretto\/","og_site_name":"Colli Vai Bo","article_modified_time":"2025-05-01T09:34:35+00:00","og_image":[{"width":600,"height":700,"url":"https:\/\/collivaibo.it\/wp-content\/uploads\/2021\/07\/Chiaretto-Doc.png","type":"image\/png"}],"twitter_card":"summary_large_image","schema":{"@context":"https:\/\/schema.org","@graph":[{"@type":"WebPage","@id":"https:\/\/collivaibo.it\/de\/prodotto\/garda-classico-chiaretto\/","url":"https:\/\/collivaibo.it\/de\/prodotto\/garda-classico-chiaretto\/","name":"Riviera del Garda Classico Chiaretto DOC - Colli Vai Bo","isPartOf":{"@id":"https:\/\/collivaibo.it\/#website"},"primaryImageOfPage":{"@id":"https:\/\/collivaibo.it\/de\/prodotto\/garda-classico-chiaretto\/#primaryimage"},"image":{"@id":"https:\/\/collivaibo.it\/de\/prodotto\/garda-classico-chiaretto\/#primaryimage"},"thumbnailUrl":"https:\/\/collivaibo.it\/wp-content\/uploads\/2021\/07\/Chiaretto-Doc.png","datePublished":"2023-03-22T15:33:22+00:00","dateModified":"2025-05-01T09:34:35+00:00","breadcrumb":{"@id":"https:\/\/collivaibo.it\/de\/prodotto\/garda-classico-chiaretto\/#breadcrumb"},"inLanguage":"de","potentialAction":[{"@type":"ReadAction","target":["https:\/\/collivaibo.it\/de\/prodotto\/garda-classico-chiaretto\/"]}]},{"@type":"ImageObject","inLanguage":"de","@id":"https:\/\/collivaibo.it\/de\/prodotto\/garda-classico-chiaretto\/#primaryimage","url":"https:\/\/collivaibo.it\/wp-content\/uploads\/2021\/07\/Chiaretto-Doc.png","contentUrl":"https:\/\/collivaibo.it\/wp-content\/uploads\/2021\/07\/Chiaretto-Doc.png","width":600,"height":700},{"@type":"BreadcrumbList","@id":"https:\/\/collivaibo.it\/de\/prodotto\/garda-classico-chiaretto\/#breadcrumb","itemListElement":[{"@type":"ListItem","position":1,"name":"Home","item":"https:\/\/collivaibo.it\/de\/"},{"@type":"ListItem","position":2,"name":"Shop","item":"https:\/\/collivaibo.it\/de\/?page_id=7717"},{"@type":"ListItem","position":3,"name":"Riviera del Garda Classico Chiaretto DOC"}]},{"@type":"WebSite","@id":"https:\/\/collivaibo.it\/#website","url":"https:\/\/collivaibo.it\/","name":"Colli Vai Bo","description":"","publisher":{"@id":"https:\/\/collivaibo.it\/#organization"},"potentialAction":[{"@type":"SearchAction","target":{"@type":"EntryPoint","urlTemplate":"https:\/\/collivaibo.it\/?s={search_term_string}"},"query-input":{"@type":"PropertyValueSpecification","valueRequired":true,"valueName":"search_term_string"}}],"inLanguage":"de"},{"@type":"Organization","@id":"https:\/\/collivaibo.it\/#organization","name":"Colli Vai Bo","url":"https:\/\/collivaibo.it\/","logo":{"@type":"ImageObject","inLanguage":"de","@id":"https:\/\/collivaibo.it\/#\/schema\/logo\/image\/","url":"https:\/\/collivaibo.it\/wp-content\/uploads\/2021\/07\/cropped-Logo-trasparente-1.png","contentUrl":"https:\/\/collivaibo.it\/wp-content\/uploads\/2021\/07\/cropped-Logo-trasparente-1.png","width":775,"height":367,"caption":"Colli Vai Bo"},"image":{"@id":"https:\/\/collivaibo.it\/#\/schema\/logo\/image\/"}}]}},"_links":{"self":[{"href":"https:\/\/collivaibo.it\/de\/wp-json\/wp\/v2\/product\/7887","targetHints":{"allow":["GET"]}}],"collection":[{"href":"https:\/\/collivaibo.it\/de\/wp-json\/wp\/v2\/product"}],"about":[{"href":"https:\/\/collivaibo.it\/de\/wp-json\/wp\/v2\/types\/product"}],"replies":[{"embeddable":true,"href":"https:\/\/collivaibo.it\/de\/wp-json\/wp\/v2\/comments?post=7887"}],"wp:featuredmedia":[{"embeddable":true,"href":"https:\/\/collivaibo.it\/de\/wp-json\/wp\/v2\/media\/7847"}],"wp:attachment":[{"href":"https:\/\/collivaibo.it\/de\/wp-json\/wp\/v2\/media?parent=7887"}],"wp:term":[{"taxonomy":"product_cat","embeddable":true,"href":"https:\/\/collivaibo.it\/de\/wp-json\/wp\/v2\/product_cat?post=7887"},{"taxonomy":"product_tag","embeddable":true,"href":"https:\/\/collivaibo.it\/de\/wp-json\/wp\/v2\/product_tag?post=7887"}],"curies":[{"name":"wp","href":"https:\/\/api.w.org\/{rel}","templated":true}]}}