{"id":8531,"date":"2025-11-19T17:35:11","date_gmt":"2025-11-19T16:35:11","guid":{"rendered":"https:\/\/collivaibo.it\/?post_type=product&#038;p=8531"},"modified":"2025-11-21T16:19:23","modified_gmt":"2025-11-21T15:19:23","slug":"lugana-doc-metodo-classico-brut","status":"publish","type":"product","link":"https:\/\/collivaibo.it\/de\/prodotto\/lugana-doc-metodo-classico-brut\/","title":{"rendered":"Lugana DOC Klassische Methode Brut"},"content":{"rendered":"","protected":false},"excerpt":{"rendered":"<div class=\"info portfolio_single_custom_field\">\n<p><strong>Rebsorte<\/strong><\/p>\n<\/div>\n<div class=\"info portfolio_single_custom_field\">\n<p class=\"p1\">Trebbiano di Lugana, lokal bekannt als Turbiana.<\/p>\n<\/div>\n<div class=\"info portfolio_single_custom_field\">\n<p class=\"info_section_title\"><strong>Weinberg<\/strong><\/p>\n<p class=\"p1\">Die Reben werden mit einem einfachen Bogen-Erziehungssystem gepflegt, bei einer Pflanzdichte von 4.000 Reben pro Hektar und einem durchschnittlichen Ertrag von etwa 3 kg pro Rebe. Der Weinberg befindet sich auf mor\u00e4nischen B\u00f6den s\u00fcdlich des Gardasees, die dem Wein Mineralit\u00e4t, Struktur und Finesse verleihen.<\/p>\n<p><strong>Lese<\/strong><\/p>\n<p class=\"p1\">Die Trauben werden von Hand in kleinen Kisten geerntet, \u00fcblicherweise in der ersten Septemberh\u00e4lfte.<br \/>\nNur die ges\u00fcndesten und perfekt ausgereiften Trauben werden sorgf\u00e4ltig ausgew\u00e4hlt.<\/p>\n<\/div>\n<div class=\"info portfolio_single_custom_field\">\n<p class=\"info_section_title\"><strong>Vinifikation<\/strong><\/p>\n<p class=\"p1\">Die Trauben werden schonend gepresst, um ein Aufbrechen der Beeren zu vermeiden.<br \/>\nEs wird ausschlie\u00dflich der Vorlaufmost (Free-run-Most), der edelste Teil aus nat\u00fcrlichem Abtropfen und sehr sanfter Pressung, verwendet.<br \/>\nDie G\u00e4rung erfolgt in temperaturkontrollierten Edelstahltanks mit ausgew\u00e4hlten Hefen und dauert 7 bis 15 Tage.<\/p>\n<\/div>\n<div class=\"info portfolio_single_custom_field\">\n<p class=\"info_section_title\"><strong>Ausbau<\/strong><\/p>\n<p class=\"p1\">Der Wein lagert mindestens 4 Monate auf der Feinhefe vor der Abf\u00fcllung zur Flascheng\u00e4rung (Tirage).<\/p>\n<p class=\"p1\">Anschlie\u00dfend reifen die Flaschen mindestens 24 Monate in speziellen Racks bei kontrollierter Temperatur, gefolgt von der Degorgierung.<br \/>\nDer Wein wird nach weiteren 2 Monaten Flaschenreife f\u00fcr den Verkauf freigegeben.<\/p>\n<\/div>\n<div class=\"info portfolio_single_custom_field\">\n<p class=\"info_section_title\"><strong>Verkostungsnotizen<\/strong><\/p>\n<p class=\"p1\">Leuchtend gelbe Farbe mit feiner und best\u00e4ndiger Perlage.<\/p>\n<p class=\"p1\">In der Nase ist das Bouquet komplex und faszinierend, mit floralen Noten von Magnolie und Jasmin sowie Ankl\u00e4ngen von wei\u00dffleischigen und tropischen Fr\u00fcchten.<\/p>\n<p class=\"p1\">Feine Aromen von Geb\u00e4ck, typisch f\u00fcr die Metodo Classico, bereichern das olfaktorische Profil.<br \/>\nAm Gaumen ist der Wein vollmundig, frisch, mit einer eleganten und feinen cremigen Mousse, die die aromatische Tiefe und L\u00e4nge im Abgang unterstreicht.<\/p>\n<p><strong><span class=\"s2\">Speiseempfehlungen<\/span><\/strong><\/p>\n<p class=\"p1\">Ideal als Aperitif, harmoniert er perfekt mit Fischvorspeisen, Schalentiere und Meeresfr\u00fcchten.<\/p>\n<p class=\"p1\">Auch zum gesamten Men\u00fc hervorragend geeignet, insbesondere zu Fisch- oder Gem\u00fcsegerichten, frischen K\u00e4sesorten und Eierspeisen.<\/p>\n<\/div>\n<div class=\"info portfolio_single_custom_field\">\n<p class=\"info_section_title\"><strong>Alkoholgehalt<\/strong><\/p>\n<p>12,5\u00b0<\/p>\n<\/div>\n<div class=\"info portfolio_single_custom_field\">\n<p class=\"info_section_title\"><strong>Flaschengr\u00f6\u00dfe<\/strong><\/p>\n<p>0,75-Liter-Flasche.<\/p>\n<p data-start=\"32\" data-end=\"51\"><strong data-start=\"32\" data-end=\"51\">Enth\u00e4lt Sulfite<\/strong><\/p>\n<p data-start=\"53\" data-end=\"79\">Hergestellt in Italien<\/p>\n<p><a href=\"https:\/\/id.piu-info.it\/3324189d-4fd3-41d6-93a6-38f38c8aea99\">Klicken Sie hier, um die Energie- und N\u00e4hrwerte zu entdecken<\/a><\/div>\n<p>&nbsp;<\/p>\n<div class=\"info portfolio_single_custom_field\">\n<p>&nbsp;<\/p>\n<\/div>\n","protected":false},"featured_media":8583,"comment_status":"closed","ping_status":"closed","template":"","meta":{"inline_featured_image":false},"product_cat":[98,101],"product_tag":[],"class_list":{"0":"post-8531","1":"product","2":"type-product","3":"status-publish","4":"has-post-thumbnail","6":"product_cat-lugana-de","7":"product_cat-schaumweine","9":"first","10":"instock","11":"shipping-taxable","12":"purchasable","13":"product-type-simple"},"yoast_head":"<!-- This site is optimized with the Yoast SEO plugin v27.4 - https:\/\/yoast.com\/product\/yoast-seo-wordpress\/ -->\n<title>Lugana DOC Klassische Methode Brut - Colli Vai Bo<\/title>\n<meta name=\"robots\" content=\"index, follow, max-snippet:-1, max-image-preview:large, max-video-preview:-1\" \/>\n<link rel=\"canonical\" href=\"https:\/\/collivaibo.it\/de\/prodotto\/lugana-doc-metodo-classico-brut\/\" \/>\n<meta property=\"og:locale\" content=\"de_DE\" \/>\n<meta property=\"og:type\" content=\"article\" \/>\n<meta property=\"og:title\" content=\"Lugana DOC Klassische Methode Brut - Colli Vai Bo\" \/>\n<meta property=\"og:description\" content=\"Rebsorte    Trebbiano di Lugana, lokal bekannt als Turbiana.    Weinberg Die Reben werden mit einem einfachen Bogen-Erziehungssystem gepflegt, bei einer Pflanzdichte von 4.000 Reben pro Hektar und einem durchschnittlichen Ertrag von etwa 3 kg pro Rebe. Der Weinberg befindet sich auf mor\u00e4nischen B\u00f6den s\u00fcdlich des Gardasees, die dem Wein Mineralit\u00e4t, Struktur und Finesse verleihen. Lese Die Trauben werden von Hand in kleinen Kisten geerntet, \u00fcblicherweise in der ersten Septemberh\u00e4lfte. Nur die ges\u00fcndesten und perfekt ausgereiften Trauben werden sorgf\u00e4ltig ausgew\u00e4hlt.    Vinifikation Die Trauben werden schonend gepresst, um ein Aufbrechen der Beeren zu vermeiden. Es wird ausschlie\u00dflich der Vorlaufmost (Free-run-Most), der edelste Teil aus nat\u00fcrlichem Abtropfen und sehr sanfter Pressung, verwendet. Die G\u00e4rung erfolgt in temperaturkontrollierten Edelstahltanks mit ausgew\u00e4hlten Hefen und dauert 7 bis 15 Tage.    Ausbau Der Wein lagert mindestens 4 Monate auf der Feinhefe vor der Abf\u00fcllung zur Flascheng\u00e4rung (Tirage). Anschlie\u00dfend reifen die Flaschen mindestens 24 Monate in speziellen Racks bei kontrollierter Temperatur, gefolgt von der Degorgierung. Der Wein wird nach weiteren 2 Monaten Flaschenreife f\u00fcr den Verkauf freigegeben.    Verkostungsnotizen Leuchtend gelbe Farbe mit feiner und best\u00e4ndiger Perlage. In der Nase ist das Bouquet komplex und faszinierend, mit floralen Noten von Magnolie und Jasmin sowie Ankl\u00e4ngen von wei\u00dffleischigen und tropischen Fr\u00fcchten. Feine Aromen von Geb\u00e4ck, typisch f\u00fcr die Metodo Classico, bereichern das olfaktorische Profil. Am Gaumen ist der Wein vollmundig, frisch, mit einer eleganten und feinen cremigen Mousse, die die aromatische Tiefe und L\u00e4nge im Abgang unterstreicht. Speiseempfehlungen Ideal als Aperitif, harmoniert er perfekt mit Fischvorspeisen, Schalentiere und Meeresfr\u00fcchten. Auch zum gesamten Men\u00fc hervorragend geeignet, insbesondere zu Fisch- oder Gem\u00fcsegerichten, frischen K\u00e4sesorten und Eierspeisen.    Alkoholgehalt 12,5\u00b0    Flaschengr\u00f6\u00dfe 0,75-Liter-Flasche. Enth\u00e4lt Sulfite Hergestellt in Italien  Klicken Sie hier, um die Energie- und N\u00e4hrwerte zu entdecken &nbsp;   &nbsp;\" \/>\n<meta property=\"og:url\" content=\"https:\/\/collivaibo.it\/de\/prodotto\/lugana-doc-metodo-classico-brut\/\" \/>\n<meta property=\"og:site_name\" content=\"Colli Vai Bo\" \/>\n<meta property=\"article:modified_time\" content=\"2025-11-21T15:19:23+00:00\" \/>\n<meta property=\"og:image\" content=\"https:\/\/collivaibo.it\/wp-content\/uploads\/2025\/11\/bottiglia-017.png\" \/>\n\t<meta property=\"og:image:width\" content=\"600\" \/>\n\t<meta property=\"og:image:height\" content=\"700\" \/>\n\t<meta property=\"og:image:type\" content=\"image\/png\" \/>\n<meta name=\"twitter:card\" content=\"summary_large_image\" \/>\n<meta name=\"twitter:label1\" content=\"Gesch\u00e4tzte Lesezeit\" \/>\n\t<meta name=\"twitter:data1\" content=\"1\u00a0Minute\" \/>\n<script type=\"application\/ld+json\" class=\"yoast-schema-graph\">{\"@context\":\"https:\\\/\\\/schema.org\",\"@graph\":[{\"@type\":\"WebPage\",\"@id\":\"https:\\\/\\\/collivaibo.it\\\/de\\\/prodotto\\\/lugana-doc-metodo-classico-brut\\\/\",\"url\":\"https:\\\/\\\/collivaibo.it\\\/de\\\/prodotto\\\/lugana-doc-metodo-classico-brut\\\/\",\"name\":\"Lugana DOC Klassische Methode Brut - Colli Vai Bo\",\"isPartOf\":{\"@id\":\"https:\\\/\\\/collivaibo.it\\\/#website\"},\"primaryImageOfPage\":{\"@id\":\"https:\\\/\\\/collivaibo.it\\\/de\\\/prodotto\\\/lugana-doc-metodo-classico-brut\\\/#primaryimage\"},\"image\":{\"@id\":\"https:\\\/\\\/collivaibo.it\\\/de\\\/prodotto\\\/lugana-doc-metodo-classico-brut\\\/#primaryimage\"},\"thumbnailUrl\":\"https:\\\/\\\/collivaibo.it\\\/wp-content\\\/uploads\\\/2025\\\/11\\\/bottiglia-017.png\",\"datePublished\":\"2025-11-19T16:35:11+00:00\",\"dateModified\":\"2025-11-21T15:19:23+00:00\",\"breadcrumb\":{\"@id\":\"https:\\\/\\\/collivaibo.it\\\/de\\\/prodotto\\\/lugana-doc-metodo-classico-brut\\\/#breadcrumb\"},\"inLanguage\":\"de\",\"potentialAction\":[{\"@type\":\"ReadAction\",\"target\":[\"https:\\\/\\\/collivaibo.it\\\/de\\\/prodotto\\\/lugana-doc-metodo-classico-brut\\\/\"]}]},{\"@type\":\"ImageObject\",\"inLanguage\":\"de\",\"@id\":\"https:\\\/\\\/collivaibo.it\\\/de\\\/prodotto\\\/lugana-doc-metodo-classico-brut\\\/#primaryimage\",\"url\":\"https:\\\/\\\/collivaibo.it\\\/wp-content\\\/uploads\\\/2025\\\/11\\\/bottiglia-017.png\",\"contentUrl\":\"https:\\\/\\\/collivaibo.it\\\/wp-content\\\/uploads\\\/2025\\\/11\\\/bottiglia-017.png\",\"width\":600,\"height\":700},{\"@type\":\"BreadcrumbList\",\"@id\":\"https:\\\/\\\/collivaibo.it\\\/de\\\/prodotto\\\/lugana-doc-metodo-classico-brut\\\/#breadcrumb\",\"itemListElement\":[{\"@type\":\"ListItem\",\"position\":1,\"name\":\"Home\",\"item\":\"https:\\\/\\\/collivaibo.it\\\/de\\\/\"},{\"@type\":\"ListItem\",\"position\":2,\"name\":\"Shop\",\"item\":\"https:\\\/\\\/collivaibo.it\\\/de\\\/?page_id=7717\"},{\"@type\":\"ListItem\",\"position\":3,\"name\":\"Lugana DOC Klassische Methode Brut\"}]},{\"@type\":\"WebSite\",\"@id\":\"https:\\\/\\\/collivaibo.it\\\/#website\",\"url\":\"https:\\\/\\\/collivaibo.it\\\/\",\"name\":\"Colli Vai Bo\",\"description\":\"\",\"publisher\":{\"@id\":\"https:\\\/\\\/collivaibo.it\\\/#organization\"},\"potentialAction\":[{\"@type\":\"SearchAction\",\"target\":{\"@type\":\"EntryPoint\",\"urlTemplate\":\"https:\\\/\\\/collivaibo.it\\\/?s={search_term_string}\"},\"query-input\":{\"@type\":\"PropertyValueSpecification\",\"valueRequired\":true,\"valueName\":\"search_term_string\"}}],\"inLanguage\":\"de\"},{\"@type\":\"Organization\",\"@id\":\"https:\\\/\\\/collivaibo.it\\\/#organization\",\"name\":\"Colli Vai Bo\",\"url\":\"https:\\\/\\\/collivaibo.it\\\/\",\"logo\":{\"@type\":\"ImageObject\",\"inLanguage\":\"de\",\"@id\":\"https:\\\/\\\/collivaibo.it\\\/#\\\/schema\\\/logo\\\/image\\\/\",\"url\":\"https:\\\/\\\/collivaibo.it\\\/wp-content\\\/uploads\\\/2021\\\/07\\\/cropped-Logo-trasparente-1.png\",\"contentUrl\":\"https:\\\/\\\/collivaibo.it\\\/wp-content\\\/uploads\\\/2021\\\/07\\\/cropped-Logo-trasparente-1.png\",\"width\":775,\"height\":367,\"caption\":\"Colli Vai Bo\"},\"image\":{\"@id\":\"https:\\\/\\\/collivaibo.it\\\/#\\\/schema\\\/logo\\\/image\\\/\"}}]}<\/script>\n<!-- \/ Yoast SEO plugin. -->","yoast_head_json":{"title":"Lugana DOC Klassische Methode Brut - Colli Vai Bo","robots":{"index":"index","follow":"follow","max-snippet":"max-snippet:-1","max-image-preview":"max-image-preview:large","max-video-preview":"max-video-preview:-1"},"canonical":"https:\/\/collivaibo.it\/de\/prodotto\/lugana-doc-metodo-classico-brut\/","og_locale":"de_DE","og_type":"article","og_title":"Lugana DOC Klassische Methode Brut - Colli Vai Bo","og_description":"Rebsorte    Trebbiano di Lugana, lokal bekannt als Turbiana.    Weinberg Die Reben werden mit einem einfachen Bogen-Erziehungssystem gepflegt, bei einer Pflanzdichte von 4.000 Reben pro Hektar und einem durchschnittlichen Ertrag von etwa 3 kg pro Rebe. Der Weinberg befindet sich auf mor\u00e4nischen B\u00f6den s\u00fcdlich des Gardasees, die dem Wein Mineralit\u00e4t, Struktur und Finesse verleihen. Lese Die Trauben werden von Hand in kleinen Kisten geerntet, \u00fcblicherweise in der ersten Septemberh\u00e4lfte. Nur die ges\u00fcndesten und perfekt ausgereiften Trauben werden sorgf\u00e4ltig ausgew\u00e4hlt.    Vinifikation Die Trauben werden schonend gepresst, um ein Aufbrechen der Beeren zu vermeiden. Es wird ausschlie\u00dflich der Vorlaufmost (Free-run-Most), der edelste Teil aus nat\u00fcrlichem Abtropfen und sehr sanfter Pressung, verwendet. Die G\u00e4rung erfolgt in temperaturkontrollierten Edelstahltanks mit ausgew\u00e4hlten Hefen und dauert 7 bis 15 Tage.    Ausbau Der Wein lagert mindestens 4 Monate auf der Feinhefe vor der Abf\u00fcllung zur Flascheng\u00e4rung (Tirage). Anschlie\u00dfend reifen die Flaschen mindestens 24 Monate in speziellen Racks bei kontrollierter Temperatur, gefolgt von der Degorgierung. Der Wein wird nach weiteren 2 Monaten Flaschenreife f\u00fcr den Verkauf freigegeben.    Verkostungsnotizen Leuchtend gelbe Farbe mit feiner und best\u00e4ndiger Perlage. In der Nase ist das Bouquet komplex und faszinierend, mit floralen Noten von Magnolie und Jasmin sowie Ankl\u00e4ngen von wei\u00dffleischigen und tropischen Fr\u00fcchten. Feine Aromen von Geb\u00e4ck, typisch f\u00fcr die Metodo Classico, bereichern das olfaktorische Profil. Am Gaumen ist der Wein vollmundig, frisch, mit einer eleganten und feinen cremigen Mousse, die die aromatische Tiefe und L\u00e4nge im Abgang unterstreicht. Speiseempfehlungen Ideal als Aperitif, harmoniert er perfekt mit Fischvorspeisen, Schalentiere und Meeresfr\u00fcchten. Auch zum gesamten Men\u00fc hervorragend geeignet, insbesondere zu Fisch- oder Gem\u00fcsegerichten, frischen K\u00e4sesorten und Eierspeisen.    Alkoholgehalt 12,5\u00b0    Flaschengr\u00f6\u00dfe 0,75-Liter-Flasche. Enth\u00e4lt Sulfite Hergestellt in Italien  Klicken Sie hier, um die Energie- und N\u00e4hrwerte zu entdecken &nbsp;   &nbsp;","og_url":"https:\/\/collivaibo.it\/de\/prodotto\/lugana-doc-metodo-classico-brut\/","og_site_name":"Colli Vai Bo","article_modified_time":"2025-11-21T15:19:23+00:00","og_image":[{"width":600,"height":700,"url":"https:\/\/collivaibo.it\/wp-content\/uploads\/2025\/11\/bottiglia-017.png","type":"image\/png"}],"twitter_card":"summary_large_image","twitter_misc":{"Gesch\u00e4tzte Lesezeit":"1\u00a0Minute"},"schema":{"@context":"https:\/\/schema.org","@graph":[{"@type":"WebPage","@id":"https:\/\/collivaibo.it\/de\/prodotto\/lugana-doc-metodo-classico-brut\/","url":"https:\/\/collivaibo.it\/de\/prodotto\/lugana-doc-metodo-classico-brut\/","name":"Lugana DOC Klassische Methode Brut - Colli Vai Bo","isPartOf":{"@id":"https:\/\/collivaibo.it\/#website"},"primaryImageOfPage":{"@id":"https:\/\/collivaibo.it\/de\/prodotto\/lugana-doc-metodo-classico-brut\/#primaryimage"},"image":{"@id":"https:\/\/collivaibo.it\/de\/prodotto\/lugana-doc-metodo-classico-brut\/#primaryimage"},"thumbnailUrl":"https:\/\/collivaibo.it\/wp-content\/uploads\/2025\/11\/bottiglia-017.png","datePublished":"2025-11-19T16:35:11+00:00","dateModified":"2025-11-21T15:19:23+00:00","breadcrumb":{"@id":"https:\/\/collivaibo.it\/de\/prodotto\/lugana-doc-metodo-classico-brut\/#breadcrumb"},"inLanguage":"de","potentialAction":[{"@type":"ReadAction","target":["https:\/\/collivaibo.it\/de\/prodotto\/lugana-doc-metodo-classico-brut\/"]}]},{"@type":"ImageObject","inLanguage":"de","@id":"https:\/\/collivaibo.it\/de\/prodotto\/lugana-doc-metodo-classico-brut\/#primaryimage","url":"https:\/\/collivaibo.it\/wp-content\/uploads\/2025\/11\/bottiglia-017.png","contentUrl":"https:\/\/collivaibo.it\/wp-content\/uploads\/2025\/11\/bottiglia-017.png","width":600,"height":700},{"@type":"BreadcrumbList","@id":"https:\/\/collivaibo.it\/de\/prodotto\/lugana-doc-metodo-classico-brut\/#breadcrumb","itemListElement":[{"@type":"ListItem","position":1,"name":"Home","item":"https:\/\/collivaibo.it\/de\/"},{"@type":"ListItem","position":2,"name":"Shop","item":"https:\/\/collivaibo.it\/de\/?page_id=7717"},{"@type":"ListItem","position":3,"name":"Lugana DOC Klassische Methode Brut"}]},{"@type":"WebSite","@id":"https:\/\/collivaibo.it\/#website","url":"https:\/\/collivaibo.it\/","name":"Colli Vai Bo","description":"","publisher":{"@id":"https:\/\/collivaibo.it\/#organization"},"potentialAction":[{"@type":"SearchAction","target":{"@type":"EntryPoint","urlTemplate":"https:\/\/collivaibo.it\/?s={search_term_string}"},"query-input":{"@type":"PropertyValueSpecification","valueRequired":true,"valueName":"search_term_string"}}],"inLanguage":"de"},{"@type":"Organization","@id":"https:\/\/collivaibo.it\/#organization","name":"Colli Vai Bo","url":"https:\/\/collivaibo.it\/","logo":{"@type":"ImageObject","inLanguage":"de","@id":"https:\/\/collivaibo.it\/#\/schema\/logo\/image\/","url":"https:\/\/collivaibo.it\/wp-content\/uploads\/2021\/07\/cropped-Logo-trasparente-1.png","contentUrl":"https:\/\/collivaibo.it\/wp-content\/uploads\/2021\/07\/cropped-Logo-trasparente-1.png","width":775,"height":367,"caption":"Colli Vai Bo"},"image":{"@id":"https:\/\/collivaibo.it\/#\/schema\/logo\/image\/"}}]}},"_links":{"self":[{"href":"https:\/\/collivaibo.it\/de\/wp-json\/wp\/v2\/product\/8531","targetHints":{"allow":["GET"]}}],"collection":[{"href":"https:\/\/collivaibo.it\/de\/wp-json\/wp\/v2\/product"}],"about":[{"href":"https:\/\/collivaibo.it\/de\/wp-json\/wp\/v2\/types\/product"}],"replies":[{"embeddable":true,"href":"https:\/\/collivaibo.it\/de\/wp-json\/wp\/v2\/comments?post=8531"}],"wp:featuredmedia":[{"embeddable":true,"href":"https:\/\/collivaibo.it\/de\/wp-json\/wp\/v2\/media\/8583"}],"wp:attachment":[{"href":"https:\/\/collivaibo.it\/de\/wp-json\/wp\/v2\/media?parent=8531"}],"wp:term":[{"taxonomy":"product_cat","embeddable":true,"href":"https:\/\/collivaibo.it\/de\/wp-json\/wp\/v2\/product_cat?post=8531"},{"taxonomy":"product_tag","embeddable":true,"href":"https:\/\/collivaibo.it\/de\/wp-json\/wp\/v2\/product_tag?post=8531"}],"curies":[{"name":"wp","href":"https:\/\/api.w.org\/{rel}","templated":true}]}}