{"id":8687,"date":"2025-12-05T17:03:09","date_gmt":"2025-12-05T16:03:09","guid":{"rendered":"https:\/\/collivaibo.it\/?post_type=product&#038;p=8687"},"modified":"2025-12-05T17:06:59","modified_gmt":"2025-12-05T16:06:59","slug":"lugana-doc-klassische-methode-brut-magnum","status":"publish","type":"product","link":"https:\/\/collivaibo.it\/de\/prodotto\/lugana-doc-klassische-methode-brut-magnum\/","title":{"rendered":"Lugana DOC Metodo Classico Brut &#8211; Magnum"},"content":{"rendered":"","protected":false},"excerpt":{"rendered":"<div class=\"info portfolio_single_custom_field\">\n<p><strong>Rebsorte<\/strong><\/p>\n<\/div>\n<div class=\"info portfolio_single_custom_field\">\n<p class=\"p1\">Trebbiano di Lugana, lokal bekannt als Turbiana.<\/p>\n<\/div>\n<div class=\"info portfolio_single_custom_field\">\n<p class=\"info_section_title\"><strong>Weinberg<\/strong><\/p>\n<p class=\"p1\">Die Reben werden mit einem einfachen Bogen-Erziehungssystem gepflegt, bei einer Pflanzdichte von 4.000 Reben pro Hektar und einem durchschnittlichen Ertrag von etwa 3 kg pro Rebe. Die Pflanzdichte betr\u00e4gt 4.000 Rebst\u00f6cke pro Hektar und die Produktion liegt bei etwa 3 kg pro Pflanze. Das Gel\u00e4nde ist vom Typ Mor\u00e4ne und liegt s\u00fcdlich des Gardasees<\/p>\n<p><strong>Lese<\/strong><\/p>\n<p class=\"p1\">Das manuelle Boxen findet normalerweise in der ersten Septemberh\u00e4lfte statt. Die Trauben werden bei der Ernte selektiert und nur die besten, makellosen Trauben werden verwendet.<span class=\"Apple-converted-space\"> <\/span><\/p>\n<\/div>\n<div class=\"info portfolio_single_custom_field\">\n<p class=\"info_section_title\"><strong>Vinifikation<\/strong><\/p>\n<p class=\"p1\">Die Trauben werden der Presse mit einem System zugef\u00fchrt, das den Bruch der Beeren so weit wie m\u00f6glich vermeidet. Es wird nur der &#8218;Bl\u00fctenmost&#8216; verwendet, d.h. der edelste Teil des Mostes, der durch Abtropfen und sehr sanftes Pressen gewonnen wird. Die G\u00e4rung findet bei kontrollierter Temperatur in Edelstahltanks mit ausgew\u00e4hlten Hefen statt und kann 7 bis 15 Tage dauern.<span class=\"Apple-converted-space\"> <\/span><\/p>\n<\/div>\n<div class=\"info portfolio_single_custom_field\">\n<p class=\"info_section_title\"><strong>Ausbau<\/strong><\/p>\n<p class=\"p1\">Der daraus resultierende Wein wird mindestens 4 Monate lang auf der Hefe gelagert. Nach dem Abf\u00fcllen werden die Flaschen in speziellen Gestellen gelagert, wo sie mindestens 24 Monate bei kontrollierter Temperatur bis zum Degorgieren verbleiben.<\/p>\n<p class=\"p1\">Anschlie\u00dfend reifen die Flaschen mindestens 24 Monate in speziellen Racks bei kontrollierter Temperatur, gefolgt von der Degorgierung.<br \/>Der Wein wird nach weiteren 2 Monaten Flaschenreife f\u00fcr den Verkauf freigegeben.<\/p>\n<\/div>\n<div class=\"info portfolio_single_custom_field\">\n<p class=\"info_section_title\"><strong>Verkostungsnotizen<\/strong><\/p>\n<p class=\"p1\">Leuchtend gelbe Farbe mit feiner und best\u00e4ndiger Perlage.<\/p>\n<p class=\"p1\">In der Nase ist das Bouquet komplex und faszinierend und verstr\u00f6mt sowohl blumige Aromen wie Magnolienbl\u00fcten und Jasmin als auch tropische und wei\u00dffleischige Fr\u00fcchte. Wir finden in ihm den typischen B\u00e4ckereiduft des Metodo Classico.<\/p>\n<p class=\"p1\">Feine Aromen von Geb\u00e4ck, typisch f\u00fcr die Metodo Classico, bereichern das olfaktorische Profil.<br \/>Am Gaumen ist der Wein vollmundig, frisch, mit einer eleganten und feinen cremigen Mousse, die die aromatische Tiefe und L\u00e4nge im Abgang unterstreicht.<\/p>\n<p><strong><span class=\"s2\">Speiseempfehlungen<\/span><\/strong><\/p>\n<p class=\"p1\">Ideal als Aperitif, harmoniert er perfekt mit Fischvorspeisen, Schalentiere und Meeresfr\u00fcchten.<\/p>\n<p class=\"p1\">Auch zum gesamten Men\u00fc hervorragend geeignet, insbesondere zu Fisch- oder Gem\u00fcsegerichten, frischen K\u00e4sesorten und Eierspeisen.<\/p>\n<\/div>\n<div class=\"info portfolio_single_custom_field\">\n<p class=\"info_section_title\"><strong>Alkoholgehalt<\/strong><\/p>\n<p>12,5\u00b0<\/p>\n<\/div>\n<div class=\"info portfolio_single_custom_field\">\n<p class=\"info_section_title\"><strong>Flaschengr\u00f6\u00dfe<\/strong><\/p>\n<p>1,5 l Flasche<\/p>\n<p><strong>Contains Sulphites<\/strong><\/p>\n<p>Hergestellt in Italien<\/p>\n<p><a href=\"https:\/\/id.piu-info.it\/3324189d-4fd3-41d6-93a6-38f38c8aea99\" target=\"_blank\" rel=\"noopener\"><strong>Click here to discover the energy and nutritional values<\/strong><\/a><\/p>\n<p>&nbsp;<\/p>\n<\/div>\n","protected":false},"featured_media":8719,"comment_status":"closed","ping_status":"closed","template":"","meta":{"inline_featured_image":false},"product_cat":[98,101],"product_tag":[],"class_list":{"0":"post-8687","1":"product","2":"type-product","3":"status-publish","4":"has-post-thumbnail","6":"product_cat-lugana-de","7":"product_cat-schaumweine","9":"first","10":"instock","11":"shipping-taxable","12":"purchasable","13":"product-type-simple"},"yoast_head":"<!-- This site is optimized with the Yoast SEO plugin v27.4 - https:\/\/yoast.com\/product\/yoast-seo-wordpress\/ -->\n<title>Lugana DOC Metodo Classico Brut - Magnum - Colli Vai Bo<\/title>\n<meta name=\"robots\" content=\"index, follow, max-snippet:-1, max-image-preview:large, max-video-preview:-1\" \/>\n<link rel=\"canonical\" href=\"https:\/\/collivaibo.it\/de\/prodotto\/lugana-doc-klassische-methode-brut-magnum\/\" \/>\n<meta property=\"og:locale\" content=\"de_DE\" \/>\n<meta property=\"og:type\" content=\"article\" \/>\n<meta property=\"og:title\" content=\"Lugana DOC Metodo Classico Brut - Magnum - Colli Vai Bo\" \/>\n<meta property=\"og:description\" content=\"Rebsorte  Trebbiano di Lugana, lokal bekannt als Turbiana.  Weinberg Die Reben werden mit einem einfachen Bogen-Erziehungssystem gepflegt, bei einer Pflanzdichte von 4.000 Reben pro Hektar und einem durchschnittlichen Ertrag von etwa 3 kg pro Rebe. Die Pflanzdichte betr\u00e4gt 4.000 Rebst\u00f6cke pro Hektar und die Produktion liegt bei etwa 3 kg pro Pflanze. Das Gel\u00e4nde ist vom Typ Mor\u00e4ne und liegt s\u00fcdlich des Gardasees Lese Das manuelle Boxen findet normalerweise in der ersten Septemberh\u00e4lfte statt. Die Trauben werden bei der Ernte selektiert und nur die besten, makellosen Trauben werden verwendet.   Vinifikation Die Trauben werden der Presse mit einem System zugef\u00fchrt, das den Bruch der Beeren so weit wie m\u00f6glich vermeidet. Es wird nur der &#039;Bl\u00fctenmost&#039; verwendet, d.h. der edelste Teil des Mostes, der durch Abtropfen und sehr sanftes Pressen gewonnen wird. Die G\u00e4rung findet bei kontrollierter Temperatur in Edelstahltanks mit ausgew\u00e4hlten Hefen statt und kann 7 bis 15 Tage dauern.   Ausbau Der daraus resultierende Wein wird mindestens 4 Monate lang auf der Hefe gelagert. Nach dem Abf\u00fcllen werden die Flaschen in speziellen Gestellen gelagert, wo sie mindestens 24 Monate bei kontrollierter Temperatur bis zum Degorgieren verbleiben. Anschlie\u00dfend reifen die Flaschen mindestens 24 Monate in speziellen Racks bei kontrollierter Temperatur, gefolgt von der Degorgierung.Der Wein wird nach weiteren 2 Monaten Flaschenreife f\u00fcr den Verkauf freigegeben.  Verkostungsnotizen Leuchtend gelbe Farbe mit feiner und best\u00e4ndiger Perlage. In der Nase ist das Bouquet komplex und faszinierend und verstr\u00f6mt sowohl blumige Aromen wie Magnolienbl\u00fcten und Jasmin als auch tropische und wei\u00dffleischige Fr\u00fcchte. Wir finden in ihm den typischen B\u00e4ckereiduft des Metodo Classico. Feine Aromen von Geb\u00e4ck, typisch f\u00fcr die Metodo Classico, bereichern das olfaktorische Profil.Am Gaumen ist der Wein vollmundig, frisch, mit einer eleganten und feinen cremigen Mousse, die die aromatische Tiefe und L\u00e4nge im Abgang unterstreicht. Speiseempfehlungen Ideal als Aperitif, harmoniert er perfekt mit Fischvorspeisen, Schalentiere und Meeresfr\u00fcchten. Auch zum gesamten Men\u00fc hervorragend geeignet, insbesondere zu Fisch- oder Gem\u00fcsegerichten, frischen K\u00e4sesorten und Eierspeisen.  Alkoholgehalt 12,5\u00b0  Flaschengr\u00f6\u00dfe 1,5 l Flasche Contains Sulphites Hergestellt in Italien Click here to discover the energy and nutritional values &nbsp;\" \/>\n<meta property=\"og:url\" content=\"https:\/\/collivaibo.it\/de\/prodotto\/lugana-doc-klassische-methode-brut-magnum\/\" \/>\n<meta property=\"og:site_name\" content=\"Colli Vai Bo\" \/>\n<meta property=\"article:modified_time\" content=\"2025-12-05T16:06:59+00:00\" \/>\n<meta property=\"og:image\" content=\"https:\/\/collivaibo.it\/wp-content\/uploads\/2025\/11\/1-1.jpg\" \/>\n\t<meta property=\"og:image:width\" content=\"600\" \/>\n\t<meta property=\"og:image:height\" content=\"700\" \/>\n\t<meta property=\"og:image:type\" content=\"image\/jpeg\" \/>\n<meta name=\"twitter:card\" content=\"summary_large_image\" \/>\n<meta name=\"twitter:label1\" content=\"Gesch\u00e4tzte Lesezeit\" \/>\n\t<meta name=\"twitter:data1\" content=\"1\u00a0Minute\" \/>\n<script type=\"application\/ld+json\" class=\"yoast-schema-graph\">{\"@context\":\"https:\\\/\\\/schema.org\",\"@graph\":[{\"@type\":\"WebPage\",\"@id\":\"https:\\\/\\\/collivaibo.it\\\/de\\\/prodotto\\\/lugana-doc-klassische-methode-brut-magnum\\\/\",\"url\":\"https:\\\/\\\/collivaibo.it\\\/de\\\/prodotto\\\/lugana-doc-klassische-methode-brut-magnum\\\/\",\"name\":\"Lugana DOC Metodo Classico Brut - Magnum - Colli Vai Bo\",\"isPartOf\":{\"@id\":\"https:\\\/\\\/collivaibo.it\\\/#website\"},\"primaryImageOfPage\":{\"@id\":\"https:\\\/\\\/collivaibo.it\\\/de\\\/prodotto\\\/lugana-doc-klassische-methode-brut-magnum\\\/#primaryimage\"},\"image\":{\"@id\":\"https:\\\/\\\/collivaibo.it\\\/de\\\/prodotto\\\/lugana-doc-klassische-methode-brut-magnum\\\/#primaryimage\"},\"thumbnailUrl\":\"https:\\\/\\\/collivaibo.it\\\/wp-content\\\/uploads\\\/2025\\\/12\\\/magnum.png\",\"datePublished\":\"2025-12-05T16:03:09+00:00\",\"dateModified\":\"2025-12-05T16:06:59+00:00\",\"breadcrumb\":{\"@id\":\"https:\\\/\\\/collivaibo.it\\\/de\\\/prodotto\\\/lugana-doc-klassische-methode-brut-magnum\\\/#breadcrumb\"},\"inLanguage\":\"de\",\"potentialAction\":[{\"@type\":\"ReadAction\",\"target\":[\"https:\\\/\\\/collivaibo.it\\\/de\\\/prodotto\\\/lugana-doc-klassische-methode-brut-magnum\\\/\"]}]},{\"@type\":\"ImageObject\",\"inLanguage\":\"de\",\"@id\":\"https:\\\/\\\/collivaibo.it\\\/de\\\/prodotto\\\/lugana-doc-klassische-methode-brut-magnum\\\/#primaryimage\",\"url\":\"https:\\\/\\\/collivaibo.it\\\/wp-content\\\/uploads\\\/2025\\\/12\\\/magnum.png\",\"contentUrl\":\"https:\\\/\\\/collivaibo.it\\\/wp-content\\\/uploads\\\/2025\\\/12\\\/magnum.png\",\"width\":780,\"height\":910},{\"@type\":\"BreadcrumbList\",\"@id\":\"https:\\\/\\\/collivaibo.it\\\/de\\\/prodotto\\\/lugana-doc-klassische-methode-brut-magnum\\\/#breadcrumb\",\"itemListElement\":[{\"@type\":\"ListItem\",\"position\":1,\"name\":\"Home\",\"item\":\"https:\\\/\\\/collivaibo.it\\\/de\\\/\"},{\"@type\":\"ListItem\",\"position\":2,\"name\":\"Shop\",\"item\":\"https:\\\/\\\/collivaibo.it\\\/de\\\/?page_id=7717\"},{\"@type\":\"ListItem\",\"position\":3,\"name\":\"Lugana DOC Metodo Classico Brut &#8211; Magnum\"}]},{\"@type\":\"WebSite\",\"@id\":\"https:\\\/\\\/collivaibo.it\\\/#website\",\"url\":\"https:\\\/\\\/collivaibo.it\\\/\",\"name\":\"Colli Vai Bo\",\"description\":\"\",\"publisher\":{\"@id\":\"https:\\\/\\\/collivaibo.it\\\/#organization\"},\"potentialAction\":[{\"@type\":\"SearchAction\",\"target\":{\"@type\":\"EntryPoint\",\"urlTemplate\":\"https:\\\/\\\/collivaibo.it\\\/?s={search_term_string}\"},\"query-input\":{\"@type\":\"PropertyValueSpecification\",\"valueRequired\":true,\"valueName\":\"search_term_string\"}}],\"inLanguage\":\"de\"},{\"@type\":\"Organization\",\"@id\":\"https:\\\/\\\/collivaibo.it\\\/#organization\",\"name\":\"Colli Vai Bo\",\"url\":\"https:\\\/\\\/collivaibo.it\\\/\",\"logo\":{\"@type\":\"ImageObject\",\"inLanguage\":\"de\",\"@id\":\"https:\\\/\\\/collivaibo.it\\\/#\\\/schema\\\/logo\\\/image\\\/\",\"url\":\"https:\\\/\\\/collivaibo.it\\\/wp-content\\\/uploads\\\/2021\\\/07\\\/cropped-Logo-trasparente-1.png\",\"contentUrl\":\"https:\\\/\\\/collivaibo.it\\\/wp-content\\\/uploads\\\/2021\\\/07\\\/cropped-Logo-trasparente-1.png\",\"width\":775,\"height\":367,\"caption\":\"Colli Vai Bo\"},\"image\":{\"@id\":\"https:\\\/\\\/collivaibo.it\\\/#\\\/schema\\\/logo\\\/image\\\/\"}}]}<\/script>\n<!-- \/ Yoast SEO plugin. -->","yoast_head_json":{"title":"Lugana DOC Metodo Classico Brut - Magnum - Colli Vai Bo","robots":{"index":"index","follow":"follow","max-snippet":"max-snippet:-1","max-image-preview":"max-image-preview:large","max-video-preview":"max-video-preview:-1"},"canonical":"https:\/\/collivaibo.it\/de\/prodotto\/lugana-doc-klassische-methode-brut-magnum\/","og_locale":"de_DE","og_type":"article","og_title":"Lugana DOC Metodo Classico Brut - Magnum - Colli Vai Bo","og_description":"Rebsorte  Trebbiano di Lugana, lokal bekannt als Turbiana.  Weinberg Die Reben werden mit einem einfachen Bogen-Erziehungssystem gepflegt, bei einer Pflanzdichte von 4.000 Reben pro Hektar und einem durchschnittlichen Ertrag von etwa 3 kg pro Rebe. Die Pflanzdichte betr\u00e4gt 4.000 Rebst\u00f6cke pro Hektar und die Produktion liegt bei etwa 3 kg pro Pflanze. Das Gel\u00e4nde ist vom Typ Mor\u00e4ne und liegt s\u00fcdlich des Gardasees Lese Das manuelle Boxen findet normalerweise in der ersten Septemberh\u00e4lfte statt. Die Trauben werden bei der Ernte selektiert und nur die besten, makellosen Trauben werden verwendet.   Vinifikation Die Trauben werden der Presse mit einem System zugef\u00fchrt, das den Bruch der Beeren so weit wie m\u00f6glich vermeidet. Es wird nur der 'Bl\u00fctenmost' verwendet, d.h. der edelste Teil des Mostes, der durch Abtropfen und sehr sanftes Pressen gewonnen wird. Die G\u00e4rung findet bei kontrollierter Temperatur in Edelstahltanks mit ausgew\u00e4hlten Hefen statt und kann 7 bis 15 Tage dauern.   Ausbau Der daraus resultierende Wein wird mindestens 4 Monate lang auf der Hefe gelagert. Nach dem Abf\u00fcllen werden die Flaschen in speziellen Gestellen gelagert, wo sie mindestens 24 Monate bei kontrollierter Temperatur bis zum Degorgieren verbleiben. Anschlie\u00dfend reifen die Flaschen mindestens 24 Monate in speziellen Racks bei kontrollierter Temperatur, gefolgt von der Degorgierung.Der Wein wird nach weiteren 2 Monaten Flaschenreife f\u00fcr den Verkauf freigegeben.  Verkostungsnotizen Leuchtend gelbe Farbe mit feiner und best\u00e4ndiger Perlage. In der Nase ist das Bouquet komplex und faszinierend und verstr\u00f6mt sowohl blumige Aromen wie Magnolienbl\u00fcten und Jasmin als auch tropische und wei\u00dffleischige Fr\u00fcchte. Wir finden in ihm den typischen B\u00e4ckereiduft des Metodo Classico. Feine Aromen von Geb\u00e4ck, typisch f\u00fcr die Metodo Classico, bereichern das olfaktorische Profil.Am Gaumen ist der Wein vollmundig, frisch, mit einer eleganten und feinen cremigen Mousse, die die aromatische Tiefe und L\u00e4nge im Abgang unterstreicht. Speiseempfehlungen Ideal als Aperitif, harmoniert er perfekt mit Fischvorspeisen, Schalentiere und Meeresfr\u00fcchten. Auch zum gesamten Men\u00fc hervorragend geeignet, insbesondere zu Fisch- oder Gem\u00fcsegerichten, frischen K\u00e4sesorten und Eierspeisen.  Alkoholgehalt 12,5\u00b0  Flaschengr\u00f6\u00dfe 1,5 l Flasche Contains Sulphites Hergestellt in Italien Click here to discover the energy and nutritional values &nbsp;","og_url":"https:\/\/collivaibo.it\/de\/prodotto\/lugana-doc-klassische-methode-brut-magnum\/","og_site_name":"Colli Vai Bo","article_modified_time":"2025-12-05T16:06:59+00:00","og_image":[{"width":600,"height":700,"url":"https:\/\/collivaibo.it\/wp-content\/uploads\/2025\/11\/1-1.jpg","type":"image\/jpeg"}],"twitter_card":"summary_large_image","twitter_misc":{"Gesch\u00e4tzte Lesezeit":"1\u00a0Minute"},"schema":{"@context":"https:\/\/schema.org","@graph":[{"@type":"WebPage","@id":"https:\/\/collivaibo.it\/de\/prodotto\/lugana-doc-klassische-methode-brut-magnum\/","url":"https:\/\/collivaibo.it\/de\/prodotto\/lugana-doc-klassische-methode-brut-magnum\/","name":"Lugana DOC Metodo Classico Brut - Magnum - Colli Vai Bo","isPartOf":{"@id":"https:\/\/collivaibo.it\/#website"},"primaryImageOfPage":{"@id":"https:\/\/collivaibo.it\/de\/prodotto\/lugana-doc-klassische-methode-brut-magnum\/#primaryimage"},"image":{"@id":"https:\/\/collivaibo.it\/de\/prodotto\/lugana-doc-klassische-methode-brut-magnum\/#primaryimage"},"thumbnailUrl":"https:\/\/collivaibo.it\/wp-content\/uploads\/2025\/12\/magnum.png","datePublished":"2025-12-05T16:03:09+00:00","dateModified":"2025-12-05T16:06:59+00:00","breadcrumb":{"@id":"https:\/\/collivaibo.it\/de\/prodotto\/lugana-doc-klassische-methode-brut-magnum\/#breadcrumb"},"inLanguage":"de","potentialAction":[{"@type":"ReadAction","target":["https:\/\/collivaibo.it\/de\/prodotto\/lugana-doc-klassische-methode-brut-magnum\/"]}]},{"@type":"ImageObject","inLanguage":"de","@id":"https:\/\/collivaibo.it\/de\/prodotto\/lugana-doc-klassische-methode-brut-magnum\/#primaryimage","url":"https:\/\/collivaibo.it\/wp-content\/uploads\/2025\/12\/magnum.png","contentUrl":"https:\/\/collivaibo.it\/wp-content\/uploads\/2025\/12\/magnum.png","width":780,"height":910},{"@type":"BreadcrumbList","@id":"https:\/\/collivaibo.it\/de\/prodotto\/lugana-doc-klassische-methode-brut-magnum\/#breadcrumb","itemListElement":[{"@type":"ListItem","position":1,"name":"Home","item":"https:\/\/collivaibo.it\/de\/"},{"@type":"ListItem","position":2,"name":"Shop","item":"https:\/\/collivaibo.it\/de\/?page_id=7717"},{"@type":"ListItem","position":3,"name":"Lugana DOC Metodo Classico Brut &#8211; Magnum"}]},{"@type":"WebSite","@id":"https:\/\/collivaibo.it\/#website","url":"https:\/\/collivaibo.it\/","name":"Colli Vai Bo","description":"","publisher":{"@id":"https:\/\/collivaibo.it\/#organization"},"potentialAction":[{"@type":"SearchAction","target":{"@type":"EntryPoint","urlTemplate":"https:\/\/collivaibo.it\/?s={search_term_string}"},"query-input":{"@type":"PropertyValueSpecification","valueRequired":true,"valueName":"search_term_string"}}],"inLanguage":"de"},{"@type":"Organization","@id":"https:\/\/collivaibo.it\/#organization","name":"Colli Vai Bo","url":"https:\/\/collivaibo.it\/","logo":{"@type":"ImageObject","inLanguage":"de","@id":"https:\/\/collivaibo.it\/#\/schema\/logo\/image\/","url":"https:\/\/collivaibo.it\/wp-content\/uploads\/2021\/07\/cropped-Logo-trasparente-1.png","contentUrl":"https:\/\/collivaibo.it\/wp-content\/uploads\/2021\/07\/cropped-Logo-trasparente-1.png","width":775,"height":367,"caption":"Colli Vai Bo"},"image":{"@id":"https:\/\/collivaibo.it\/#\/schema\/logo\/image\/"}}]}},"_links":{"self":[{"href":"https:\/\/collivaibo.it\/de\/wp-json\/wp\/v2\/product\/8687","targetHints":{"allow":["GET"]}}],"collection":[{"href":"https:\/\/collivaibo.it\/de\/wp-json\/wp\/v2\/product"}],"about":[{"href":"https:\/\/collivaibo.it\/de\/wp-json\/wp\/v2\/types\/product"}],"replies":[{"embeddable":true,"href":"https:\/\/collivaibo.it\/de\/wp-json\/wp\/v2\/comments?post=8687"}],"wp:featuredmedia":[{"embeddable":true,"href":"https:\/\/collivaibo.it\/de\/wp-json\/wp\/v2\/media\/8719"}],"wp:attachment":[{"href":"https:\/\/collivaibo.it\/de\/wp-json\/wp\/v2\/media?parent=8687"}],"wp:term":[{"taxonomy":"product_cat","embeddable":true,"href":"https:\/\/collivaibo.it\/de\/wp-json\/wp\/v2\/product_cat?post=8687"},{"taxonomy":"product_tag","embeddable":true,"href":"https:\/\/collivaibo.it\/de\/wp-json\/wp\/v2\/product_tag?post=8687"}],"curies":[{"name":"wp","href":"https:\/\/api.w.org\/{rel}","templated":true}]}}